{"id":2371,"date":"2023-10-27T10:07:47","date_gmt":"2023-10-27T10:07:47","guid":{"rendered":"http:\/\/bfsm.uafmusic.com\/?page_id=2371"},"modified":"2026-03-17T07:41:36","modified_gmt":"2026-03-17T07:41:36","slug":"versicherungen","status":"publish","type":"page","link":"https:\/\/bfsm.eu\/du\/versicherungen\/","title":{"rendered":"Schadenermittlung f\u00fcr Versicherungen"},"content":{"rendered":"<div data-elementor-type=\"wp-page\" data-elementor-id=\"2371\" class=\"elementor elementor-2371\" data-elementor-post-type=\"page\">\n\t\t\t\t<div class=\"elementor-element elementor-element-2eb8ba8 e-flex e-con-boxed e-con e-parent\" data-id=\"2eb8ba8\" data-element_type=\"container\" data-e-type=\"container\" data-settings=\"{&quot;background_background&quot;:&quot;classic&quot;,&quot;jet_parallax_layout_list&quot;:[]}\">\n\t\t\t\t\t<div class=\"e-con-inner\">\n\t\t<div class=\"elementor-element elementor-element-0a98c06 e-con-full e-flex e-con e-child\" data-id=\"0a98c06\" data-element_type=\"container\" data-e-type=\"container\" data-settings=\"{&quot;jet_parallax_layout_list&quot;:[]}\">\n\t\t\t\t<div class=\"elementor-element elementor-element-a49a6ee elementor-widget elementor-widget-heading\" data-id=\"a49a6ee\" data-element_type=\"widget\" data-e-type=\"widget\" data-widget_type=\"heading.default\">\n\t\t\t\t\t<h1 class=\"elementor-heading-title elementor-size-default\">Versicherungen<\/h1>\t\t\t\t<\/div>\n\t\t\t\t<\/div>\n\t\t<div class=\"elementor-element elementor-element-e0fcadd e-con-full e-flex e-con e-child\" data-id=\"e0fcadd\" data-element_type=\"container\" data-e-type=\"container\" data-settings=\"{&quot;jet_parallax_layout_list&quot;:[]}\">\n\t\t<div class=\"elementor-element elementor-element-caab304 e-con-full e-flex e-con e-child\" data-id=\"caab304\" data-element_type=\"container\" data-e-type=\"container\" data-settings=\"{&quot;background_background&quot;:&quot;classic&quot;,&quot;jet_parallax_layout_list&quot;:[]}\">\n\t\t\t\t<div class=\"elementor-element elementor-element-936fcdc elementor-position-inline-start iconlist elementor-mobile-position-inline-start elementor-view-default elementor-widget elementor-widget-icon-box\" data-id=\"936fcdc\" data-element_type=\"widget\" data-e-type=\"widget\" data-widget_type=\"icon-box.default\">\n\t\t\t\t\t\t\t<div class=\"elementor-icon-box-wrapper\">\n\n\t\t\t\t\t\t<div class=\"elementor-icon-box-icon\">\n\t\t\t\t<span  class=\"elementor-icon\">\n\t\t\t\t<svg aria-hidden=\"true\" class=\"e-font-icon-svg e-far-chart-bar\" viewbox=\"0 0 512 512\" xmlns=\"http:\/\/www.w3.org\/2000\/svg\"><path d=\"M396.8 352h22.4c6.4 0 12.8-6.4 12.8-12.8V108.8c0-6.4-6.4-12.8-12.8-12.8h-22.4c-6.4 0-12.8 6.4-12.8 12.8v230.4c0 6.4 6.4 12.8 12.8 12.8zm-192 0h22.4c6.4 0 12.8-6.4 12.8-12.8V140.8c0-6.4-6.4-12.8-12.8-12.8h-22.4c-6.4 0-12.8 6.4-12.8 12.8v198.4c0 6.4 6.4 12.8 12.8 12.8zm96 0h22.4c6.4 0 12.8-6.4 12.8-12.8V204.8c0-6.4-6.4-12.8-12.8-12.8h-22.4c-6.4 0-12.8 6.4-12.8 12.8v134.4c0 6.4 6.4 12.8 12.8 12.8zM496 400H48V80c0-8.84-7.16-16-16-16H16C7.16 64 0 71.16 0 80v336c0 17.67 14.33 32 32 32h464c8.84 0 16-7.16 16-16v-16c0-8.84-7.16-16-16-16zm-387.2-48h22.4c6.4 0 12.8-6.4 12.8-12.8v-70.4c0-6.4-6.4-12.8-12.8-12.8h-22.4c-6.4 0-12.8 6.4-12.8 12.8v70.4c0 6.4 6.4 12.8 12.8 12.8z\"><\/path><\/svg>\t\t\t\t<\/span>\n\t\t\t<\/div>\n\t\t\t\n\t\t\t\t\t\t<div class=\"elementor-icon-box-content\">\n\n\t\t\t\t\t\t\t\t\t<p class=\"elementor-icon-box-title\">\n\t\t\t\t\t\t<span  >\n\t\t\t\t\t\t\tBFSM Schadenermittlung GmbH\t\t\t\t\t\t<\/span>\n\t\t\t\t\t<\/p>\n\t\t\t\t\n\t\t\t\t\t\t\t\t\t<p class=\"elementor-icon-box-description\">\n\t\t\t\t\t\tIndividuelle L\u00f6sungen, wirtschaftlich sinnvolle Ergebnisse\t\t\t\t\t<\/p>\n\t\t\t\t\n\t\t\t<\/div>\n\t\t\t\n\t\t<\/div>\n\t\t\t\t\t\t<\/div>\n\t\t\t\t<\/div>\n\t\t<div class=\"elementor-element elementor-element-a636b16 e-con-full e-flex e-con e-child\" data-id=\"a636b16\" data-element_type=\"container\" data-e-type=\"container\" data-settings=\"{&quot;background_background&quot;:&quot;classic&quot;,&quot;jet_parallax_layout_list&quot;:[]}\">\n\t\t\t\t<div class=\"elementor-element elementor-element-f7e6800 elementor-position-inline-start iconlist elementor-mobile-position-inline-start elementor-view-default elementor-widget elementor-widget-icon-box\" data-id=\"f7e6800\" data-element_type=\"widget\" data-e-type=\"widget\" data-widget_type=\"icon-box.default\">\n\t\t\t\t\t\t\t<div class=\"elementor-icon-box-wrapper\">\n\n\t\t\t\t\t\t<div class=\"elementor-icon-box-icon\">\n\t\t\t\t<span  class=\"elementor-icon\">\n\t\t\t\t<svg aria-hidden=\"true\" class=\"e-font-icon-svg e-fas-globe-americas\" viewbox=\"0 0 496 512\" xmlns=\"http:\/\/www.w3.org\/2000\/svg\"><path d=\"M248 8C111.03 8 0 119.03 0 256s111.03 248 248 248 248-111.03 248-248S384.97 8 248 8zm82.29 357.6c-3.9 3.88-7.99 7.95-11.31 11.28-2.99 3-5.1 6.7-6.17 10.71-1.51 5.66-2.73 11.38-4.77 16.87l-17.39 46.85c-13.76 3-28 4.69-42.65 4.69v-27.38c1.69-12.62-7.64-36.26-22.63-51.25-6-6-9.37-14.14-9.37-22.63v-32.01c0-11.64-6.27-22.34-16.46-27.97-14.37-7.95-34.81-19.06-48.81-26.11-11.48-5.78-22.1-13.14-31.65-21.75l-.8-.72a114.792 114.792 0 0 1-18.06-20.74c-9.38-13.77-24.66-36.42-34.59-51.14 20.47-45.5 57.36-82.04 103.2-101.89l24.01 12.01C203.48 89.74 216 82.01 216 70.11v-11.3c7.99-1.29 16.12-2.11 24.39-2.42l28.3 28.3c6.25 6.25 6.25 16.38 0 22.63L264 112l-10.34 10.34c-3.12 3.12-3.12 8.19 0 11.31l4.69 4.69c3.12 3.12 3.12 8.19 0 11.31l-8 8a8.008 8.008 0 0 1-5.66 2.34h-8.99c-2.08 0-4.08.81-5.58 2.27l-9.92 9.65a8.008 8.008 0 0 0-1.58 9.31l15.59 31.19c2.66 5.32-1.21 11.58-7.15 11.58h-5.64c-1.93 0-3.79-.7-5.24-1.96l-9.28-8.06a16.017 16.017 0 0 0-15.55-3.1l-31.17 10.39a11.95 11.95 0 0 0-8.17 11.34c0 4.53 2.56 8.66 6.61 10.69l11.08 5.54c9.41 4.71 19.79 7.16 30.31 7.16s22.59 27.29 32 32h66.75c8.49 0 16.62 3.37 22.63 9.37l13.69 13.69a30.503 30.503 0 0 1 8.93 21.57 46.536 46.536 0 0 1-13.72 32.98zM417 274.25c-5.79-1.45-10.84-5-14.15-9.97l-17.98-26.97a23.97 23.97 0 0 1 0-26.62l19.59-29.38c2.32-3.47 5.5-6.29 9.24-8.15l12.98-6.49C440.2 193.59 448 223.87 448 256c0 8.67-.74 17.16-1.82 25.54L417 274.25z\"><\/path><\/svg>\t\t\t\t<\/span>\n\t\t\t<\/div>\n\t\t\t\n\t\t\t\t\t\t<div class=\"elementor-icon-box-content\">\n\n\t\t\t\t\t\t\t\t\t<p class=\"elementor-icon-box-title\">\n\t\t\t\t\t\t<span  >\n\t\t\t\t\t\t\tBFSM Schadenermittlung GmbH\t\t\t\t\t\t<\/span>\n\t\t\t\t\t<\/p>\n\t\t\t\t\n\t\t\t\t\t\t\t\t\t<p class=\"elementor-icon-box-description\">\n\t\t\t\t\t\tInternationale Reichweite &amp; lokale Kompetenz\t\t\t\t\t<\/p>\n\t\t\t\t\n\t\t\t<\/div>\n\t\t\t\n\t\t<\/div>\n\t\t\t\t\t\t<\/div>\n\t\t\t\t<\/div>\n\t\t\t\t<\/div>\n\t\t\t\t\t<\/div>\n\t\t\t\t<\/div>\n\t\t<div class=\"elementor-element elementor-element-3d666eac e-flex e-con-boxed e-con e-parent\" data-id=\"3d666eac\" data-element_type=\"container\" data-e-type=\"container\" data-settings=\"{&quot;background_background&quot;:&quot;classic&quot;,&quot;jet_parallax_layout_list&quot;:[]}\">\n\t\t\t\t\t<div class=\"e-con-inner\">\n\t\t<div class=\"elementor-element elementor-element-4324cc8b e-con-full e-flex e-con e-child\" data-id=\"4324cc8b\" data-element_type=\"container\" data-e-type=\"container\" data-settings=\"{&quot;jet_parallax_layout_list&quot;:[]}\">\n\t\t\t\t<div class=\"elementor-element elementor-element-16242528 elementor-widget elementor-widget-heading\" data-id=\"16242528\" data-element_type=\"widget\" data-e-type=\"widget\" data-widget_type=\"heading.default\">\n\t\t\t\t\t<h2 class=\"elementor-heading-title elementor-size-default\">Schadenermittlung f\u00fcr Versicherungen \u2013 vom Irrtum \u00fcber Missbrauch bis zum Betrug. Ein genauer Blick sch\u00fctzt den Versicherer und die gesamte Versichertengemeinschaft<\/h2>\t\t\t\t<\/div>\n\t\t\t\t<div class=\"elementor-element elementor-element-8e680b1 elementor-widget elementor-widget-text-editor\" data-id=\"8e680b1\" data-element_type=\"widget\" data-e-type=\"widget\" data-widget_type=\"text-editor.default\">\n\t\t\t\t\t\t\t\t\t<p>Im Rahmen unserer Ermittlungen pr\u00fcfen und kl\u00e4ren wir Sachverhalte mit bew\u00e4hrten, rechtssicheren und zeitgem\u00e4\u00dfen Methoden. Dazu z\u00e4hlen unter anderem Vor-Ort-Recherchen, Augenscheine, Befragungen, Einsicht in Unterlagen, Observationen sowie Open Source Intelligence (OSINT).<\/p><p>Dabei unterst\u00fctzen wir unsere Auftraggeber insbesondere bei folgenden Fragestellungen:<\/p><ul><li><strong>Plausibilit\u00e4tspr\u00fcfung von Schadensdarstellungen<\/strong><br \/>Wir pr\u00fcfen, ob der gemeldete Sachverhalt vollst\u00e4ndig und korrekt dargestellt ist und ob der behauptete Schaden dem tats\u00e4chlichen Geschehen entspricht.<\/li><li><strong>Aufdeckung von Unstimmigkeiten und T\u00e4uschungshinweisen<\/strong><br \/>Wir identifizieren Anhaltspunkte, die auf falsche Angaben, bewusste Irref\u00fchrung oder relevante Abweichungen hinweisen k\u00f6nnen \u2013 insbesondere wenn sie Einfluss auf Deckungs-, Haftungs- oder Leistungsentscheidungen haben.<\/li><li><strong>Pr\u00fcfung von Obliegenheitsverletzungen und grobem Fehlverhalten<\/strong><br \/>Wir analysieren m\u00f6gliche Verletzungen vertraglicher Pflichten sowie Hinweise auf grob fahrl\u00e4ssiges oder vors\u00e4tzliches Verhalten.<\/li><li><strong>Ermittlung weiterer relevanter Tatsachen<\/strong><br \/>Wir stellen Umst\u00e4nde fest, die \u00fcber den bekannten Sachverhalt hinausgehen und als Grundlage f\u00fcr rechtliche oder strafrechtliche Bewertungen dienen k\u00f6nnen.<\/li><li><strong>Beweissicherung und Dokumentation<\/strong><br \/>Wir sichern und bereiten Beweise und Beweisgegenst\u00e4nde auf \u2013 soweit erforderlich, verh\u00e4ltnism\u00e4\u00dfig und rechtlich zul\u00e4ssig.<\/li><li><strong>Unterst\u00fctzung bei Verfahren vor Gerichten und Beh\u00f6rden<\/strong><br \/>Wir geben im Rahmen konkreter Einzelauftr\u00e4ge Zeugenaussagen ab oder erstellen fachliche Stellungnahmen.<\/li><\/ul>\t\t\t\t\t\t\t\t<\/div>\n\t\t\t\t<div class=\"elementor-element elementor-element-2e48cd7 elementor-widget elementor-widget-heading\" data-id=\"2e48cd7\" data-element_type=\"widget\" data-e-type=\"widget\" data-widget_type=\"heading.default\">\n\t\t\t\t\t<h2 class=\"elementor-heading-title elementor-size-default\">Deine Vorteile<\/h2>\t\t\t\t<\/div>\n\t\t\t\t<div class=\"elementor-element elementor-element-303adb2 elementor-icon-list--layout-traditional elementor-list-item-link-full_width elementor-widget elementor-widget-icon-list\" data-id=\"303adb2\" data-element_type=\"widget\" data-e-type=\"widget\" data-widget_type=\"icon-list.default\">\n\t\t\t\t\t\t\t<ul class=\"elementor-icon-list-items\">\n\t\t\t\t\t\t\t<li class=\"elementor-icon-list-item\">\n\t\t\t\t\t\t\t\t\t\t\t<span class=\"elementor-icon-list-icon\">\n\t\t\t\t\t\t\t<svg aria-hidden=\"true\" class=\"e-font-icon-svg e-fas-check\" viewbox=\"0 0 512 512\" xmlns=\"http:\/\/www.w3.org\/2000\/svg\"><path d=\"M173.898 439.404l-166.4-166.4c-9.997-9.997-9.997-26.206 0-36.204l36.203-36.204c9.997-9.998 26.207-9.998 36.204 0L192 312.69 432.095 72.596c9.997-9.997 26.207-9.997 36.204 0l36.203 36.204c9.997 9.997 9.997 26.206 0 36.204l-294.4 294.401c-9.998 9.997-26.207 9.997-36.204-.001z\"><\/path><\/svg>\t\t\t\t\t\t<\/span>\n\t\t\t\t\t\t\t\t\t\t<span class=\"elementor-icon-list-text\">Objektive, aussagekr\u00e4ftige und gerichtsfeste Berichte<\/span>\n\t\t\t\t\t\t\t\t\t<\/li>\n\t\t\t\t\t\t\t\t<li class=\"elementor-icon-list-item\">\n\t\t\t\t\t\t\t\t\t\t\t<span class=\"elementor-icon-list-icon\">\n\t\t\t\t\t\t\t<svg aria-hidden=\"true\" class=\"e-font-icon-svg e-fas-check\" viewbox=\"0 0 512 512\" xmlns=\"http:\/\/www.w3.org\/2000\/svg\"><path d=\"M173.898 439.404l-166.4-166.4c-9.997-9.997-9.997-26.206 0-36.204l36.203-36.204c9.997-9.998 26.207-9.998 36.204 0L192 312.69 432.095 72.596c9.997-9.997 26.207-9.997 36.204 0l36.203 36.204c9.997 9.997 9.997 26.206 0 36.204l-294.4 294.401c-9.998 9.997-26.207 9.997-36.204-.001z\"><\/path><\/svg>\t\t\t\t\t\t<\/span>\n\t\t\t\t\t\t\t\t\t\t<span class=\"elementor-icon-list-text\">Datenschutzkonforme &amp; rechtssichere Ermittlungsmethoden<\/span>\n\t\t\t\t\t\t\t\t\t<\/li>\n\t\t\t\t\t\t\t\t<li class=\"elementor-icon-list-item\">\n\t\t\t\t\t\t\t\t\t\t\t<span class=\"elementor-icon-list-icon\">\n\t\t\t\t\t\t\t<svg aria-hidden=\"true\" class=\"e-font-icon-svg e-fas-check\" viewbox=\"0 0 512 512\" xmlns=\"http:\/\/www.w3.org\/2000\/svg\"><path d=\"M173.898 439.404l-166.4-166.4c-9.997-9.997-9.997-26.206 0-36.204l36.203-36.204c9.997-9.998 26.207-9.998 36.204 0L192 312.69 432.095 72.596c9.997-9.997 26.207-9.997 36.204 0l36.203 36.204c9.997 9.997 9.997 26.206 0 36.204l-294.4 294.401c-9.998 9.997-26.207 9.997-36.204-.001z\"><\/path><\/svg>\t\t\t\t\t\t<\/span>\n\t\t\t\t\t\t\t\t\t\t<span class=\"elementor-icon-list-text\">Erfahrung in allen Versicherungssparten<\/span>\n\t\t\t\t\t\t\t\t\t<\/li>\n\t\t\t\t\t\t\t\t<li class=\"elementor-icon-list-item\">\n\t\t\t\t\t\t\t\t\t\t\t<span class=\"elementor-icon-list-icon\">\n\t\t\t\t\t\t\t<svg aria-hidden=\"true\" class=\"e-font-icon-svg e-fas-check\" viewbox=\"0 0 512 512\" xmlns=\"http:\/\/www.w3.org\/2000\/svg\"><path d=\"M173.898 439.404l-166.4-166.4c-9.997-9.997-9.997-26.206 0-36.204l36.203-36.204c9.997-9.998 26.207-9.998 36.204 0L192 312.69 432.095 72.596c9.997-9.997 26.207-9.997 36.204 0l36.203 36.204c9.997 9.997 9.997 26.206 0 36.204l-294.4 294.401c-9.998 9.997-26.207 9.997-36.204-.001z\"><\/path><\/svg>\t\t\t\t\t\t<\/span>\n\t\t\t\t\t\t\t\t\t\t<span class=\"elementor-icon-list-text\">Internationale Reichweite &amp; lokale Kompetenz<\/span>\n\t\t\t\t\t\t\t\t\t<\/li>\n\t\t\t\t\t\t\t\t<li class=\"elementor-icon-list-item\">\n\t\t\t\t\t\t\t\t\t\t\t<span class=\"elementor-icon-list-icon\">\n\t\t\t\t\t\t\t<svg aria-hidden=\"true\" class=\"e-font-icon-svg e-fas-check\" viewbox=\"0 0 512 512\" xmlns=\"http:\/\/www.w3.org\/2000\/svg\"><path d=\"M173.898 439.404l-166.4-166.4c-9.997-9.997-9.997-26.206 0-36.204l36.203-36.204c9.997-9.998 26.207-9.998 36.204 0L192 312.69 432.095 72.596c9.997-9.997 26.207-9.997 36.204 0l36.203 36.204c9.997 9.997 9.997 26.206 0 36.204l-294.4 294.401c-9.998 9.997-26.207 9.997-36.204-.001z\"><\/path><\/svg>\t\t\t\t\t\t<\/span>\n\t\t\t\t\t\t\t\t\t\t<span class=\"elementor-icon-list-text\">Professionelles Vorgehen mit Fingerspitzengef\u00fchl<\/span>\n\t\t\t\t\t\t\t\t\t<\/li>\n\t\t\t\t\t\t<\/ul>\n\t\t\t\t\t\t<\/div>\n\t\t\t\t<div class=\"elementor-element elementor-element-56584eb7 elementor-cta--skin-cover elementor-cta--valign-middle elementor-animated-content elementor-bg-transform elementor-bg-transform-zoom-in elementor-widget elementor-widget-call-to-action\" data-id=\"56584eb7\" data-element_type=\"widget\" data-e-type=\"widget\" data-widget_type=\"call-to-action.default\">\n\t\t\t\t\t\t\t<div class=\"elementor-cta\">\n\t\t\t\t\t<div class=\"elementor-cta__bg-wrapper\">\n\t\t\t\t<div class=\"elementor-cta__bg elementor-bg\" style=\"background-image: url(https:\/\/bfsm.eu\/wp-content\/uploads\/2023\/10\/Header_BG6-1024x310.jpg);\" role=\"img\" aria-label=\"Home \u2013 BFSM\"><\/div>\n\t\t\t\t<div class=\"elementor-cta__bg-overlay\"><\/div>\n\t\t\t<\/div>\n\t\t\t\t\t\t\t<div class=\"elementor-cta__content\">\n\t\t\t\t\n\t\t\t\t\t\t\t\t\t<h2 class=\"elementor-cta__title elementor-cta__content-item elementor-content-item elementor-animated-item--grow\">\n\t\t\t\t\t\tWir schaffen Klarheit.\t\t\t\t\t<\/h2>\n\t\t\t\t\n\t\t\t\t\t\t\t\t\t<div class=\"elementor-cta__description elementor-cta__content-item elementor-content-item elementor-animated-item--grow\">\n\t\t\t\t\t\tDu brauchst fundierte Infos zu einem unklaren Versicherungsfall? Dann lass uns gemeinsam hinschauen. \t\t\t\t\t<\/div>\n\t\t\t\t\n\t\t\t\t\t\t\t\t\t<div class=\"elementor-cta__button-wrapper elementor-cta__content-item elementor-content-item elementor-animated-item--grow\">\n\t\t\t\t\t<a class=\"elementor-cta__button elementor-button elementor-size-\" href=\"https:\/\/bfsm.eu\/du\/kontakt\/\">\n\t\t\t\t\t\tKontakt aufnehmen\t\t\t\t\t<\/a>\n\t\t\t\t\t<\/div>\n\t\t\t\t\t\t\t<\/div>\n\t\t\t\t\t\t<\/div>\n\t\t\t\t\t\t<\/div>\n\t\t\t\t<\/div>\n\t\t\t\t\t<\/div>\n\t\t\t\t<\/div>\n\t\t<div class=\"elementor-element elementor-element-b1f3056 e-flex e-con-boxed e-con e-parent\" data-id=\"b1f3056\" data-element_type=\"container\" data-e-type=\"container\" data-settings=\"{&quot;background_background&quot;:&quot;classic&quot;,&quot;jet_parallax_layout_list&quot;:[]}\">\n\t\t\t\t\t<div class=\"e-con-inner\">\n\t\t<div class=\"elementor-element elementor-element-aa4110b e-con-full e-flex e-con e-child\" data-id=\"aa4110b\" data-element_type=\"container\" data-e-type=\"container\" data-settings=\"{&quot;jet_parallax_layout_list&quot;:[]}\">\n\t\t\t\t<div class=\"elementor-element elementor-element-b3d0dcb elementor-widget elementor-widget-jet-portfolio\" data-id=\"b3d0dcb\" data-element_type=\"widget\" data-e-type=\"widget\" data-settings=\"{&quot;columns&quot;:&quot;4&quot;,&quot;columns_mobile&quot;:&quot;1&quot;,&quot;columns_mobile_extra&quot;:&quot;2&quot;,&quot;columns_tablet&quot;:&quot;2&quot;}\" data-widget_type=\"jet-portfolio.default\">\n\t\t\t\t<div class=\"elementor-widget-container\">\n\t\t\t\t\t<div class=\"elementor-jet-portfolio jet-elements\">\n<div class=\"jet-portfolio layout-type-grid preset-type-4 layout-desktop-column-4 layout-tablet-column-2 layout-mobile-column-1\" data-settings=\"{&quot;layoutType&quot;:&quot;grid&quot;,&quot;perPage&quot;:6}\"><div class=\"jet-portfolio__list\"><article class=\"jet-portfolio__item visible-status\" data-slug=\"{&quot;0&quot;:&quot;all&quot;}\">\n\t<div class=\"jet-portfolio__inner\">\n\t\t<a class=\"jet-portfolio__link\" target=\"_blank\" rel=\"nofollow\" href=\"https:\/\/www.oedv.at\/\">\n\t\t\t<div class=\"jet-portfolio__image\">\n\t\t\t\t<img loading=\"lazy\" decoding=\"async\" class=\"jet-portfolio__image-instance\" src=\"https:\/\/bfsm.eu\/wp-content\/uploads\/2023\/10\/Member-Logo3.jpg\" width=\"370\" height=\"377\"  alt=\"Home \u2013 BFSM\">\t\t\t\t<div class=\"jet-portfolio__image-loader\"><span><\/span><\/div>\n\t\t\t<\/div>\n\t\t<\/a>\n\t\t<div class=\"jet-portfolio__content\">\n\t\t\t<div class=\"jet-portfolio__content-inner\"><p class=\"jet-portfolio__title\">\u00d6sterreichischer Detektiv-Verband<\/p><\/div>\n\t\t<\/div>\n\t<\/div>\n<\/article><article class=\"jet-portfolio__item visible-status\" data-slug=\"{&quot;0&quot;:&quot;all&quot;}\">\n\t<div class=\"jet-portfolio__inner\">\n\t\t<a class=\"jet-portfolio__link\" target=\"_blank\" rel=\"nofollow\" href=\"https:\/\/eu-investigations.com\/\">\n\t\t\t<div class=\"jet-portfolio__image\">\n\t\t\t\t<img loading=\"lazy\" decoding=\"async\" class=\"jet-portfolio__image-instance\" src=\"https:\/\/bfsm.eu\/wp-content\/uploads\/2026\/02\/logo-aei_neu.jpg\" width=\"254\" height=\"259\"  alt=\"Association of European Investigators\">\t\t\t\t<div class=\"jet-portfolio__image-loader\"><span><\/span><\/div>\n\t\t\t<\/div>\n\t\t<\/a>\n\t\t<div class=\"jet-portfolio__content\">\n\t\t\t<div class=\"jet-portfolio__content-inner\"><p class=\"jet-portfolio__title\">Association of European Investigators <\/p><\/div>\n\t\t<\/div>\n\t<\/div>\n<\/article><article class=\"jet-portfolio__item visible-status\" data-slug=\"{&quot;0&quot;:&quot;all&quot;}\">\n\t<div class=\"jet-portfolio__inner\">\n\t\t<a class=\"jet-portfolio__link\" target=\"_blank\" rel=\"nofollow\" href=\"https:\/\/www.cii2.org\/\">\n\t\t\t<div class=\"jet-portfolio__image\">\n\t\t\t\t<img loading=\"lazy\" decoding=\"async\" class=\"jet-portfolio__image-instance\" src=\"https:\/\/bfsm.eu\/wp-content\/uploads\/2023\/10\/Member-Logo1-1.jpg\" width=\"370\" height=\"377\"  alt=\"Home \u2013 BFSM\">\t\t\t\t<div class=\"jet-portfolio__image-loader\"><span><\/span><\/div>\n\t\t\t<\/div>\n\t\t<\/a>\n\t\t<div class=\"jet-portfolio__content\">\n\t\t\t<div class=\"jet-portfolio__content-inner\"><p class=\"jet-portfolio__title\">Council of International Investigaters<\/p><\/div>\n\t\t<\/div>\n\t<\/div>\n<\/article><article class=\"jet-portfolio__item visible-status\" data-slug=\"{&quot;0&quot;:&quot;all&quot;}\">\n\t<div class=\"jet-portfolio__inner\">\n\t\t<a class=\"jet-portfolio__link\" target=\"_blank\" rel=\"nofollow\" href=\"https:\/\/iasiu-europe.com\/\">\n\t\t\t<div class=\"jet-portfolio__image\">\n\t\t\t\t<img loading=\"lazy\" decoding=\"async\" class=\"jet-portfolio__image-instance\" src=\"https:\/\/bfsm.eu\/wp-content\/uploads\/2023\/10\/Member-Logo2-1.jpg\" width=\"370\" height=\"377\"  alt=\"Home \u2013 BFSM\">\t\t\t\t<div class=\"jet-portfolio__image-loader\"><span><\/span><\/div>\n\t\t\t<\/div>\n\t\t<\/a>\n\t\t<div class=\"jet-portfolio__content\">\n\t\t\t<div class=\"jet-portfolio__content-inner\"><p class=\"jet-portfolio__title\">International Association of Special Investigation Units<\/p><\/div>\n\t\t<\/div>\n\t<\/div>\n<\/article><\/div><\/div>\n<\/div>\t\t\t\t<\/div>\n\t\t\t\t<\/div>\n\t\t\t\t<\/div>\n\t\t\t\t\t<\/div>\n\t\t\t\t<\/div>\n\t\t\t\t<\/div>","protected":false},"excerpt":{"rendered":"<p>Versicherungen BFSM Schadenermittlung GmbH Individuelle L\u00f6sungen, wirtschaftlich sinnvolle Ergebnisse BFSM Schadenermittlung GmbH Internationale Reichweite &amp; lokale Kompetenz Schadenermittlung f\u00fcr Versicherungen \u2013 vom Irrtum \u00fcber Missbrauch bis zum Betrug. Ein genauer Blick sch\u00fctzt den Versicherer und die gesamte Versichertengemeinschaft Im Rahmen unserer Ermittlungen pr\u00fcfen und kl\u00e4ren wir Sachverhalte mit bew\u00e4hrten, rechtssicheren und zeitgem\u00e4\u00dfen Methoden. Dazu z\u00e4hlen [&hellip;]<\/p>\n","protected":false},"author":1,"featured_media":2237,"parent":0,"menu_order":0,"comment_status":"closed","ping_status":"closed","template":"elementor_header_footer","meta":{"_acf_changed":false,"footnotes":""},"class_list":["post-2371","page","type-page","status-publish","has-post-thumbnail","hentry"],"acf":[],"yoast_head":"<!-- This site is optimized with the Yoast SEO plugin v27.5 - https:\/\/yoast.com\/product\/yoast-seo-wordpress\/ -->\n<title>Schadenermittlung f\u00fcr Versicherungen - BFSM<\/title>\n<meta name=\"description\" content=\"Schadenermittlung f\u00fcr Versicherungen: Vom Irrtum \u00fcber Missbrauch bis zum Betrug. Wie ein genauer Blick alle Beteiligten sch\u00fctzt.\" \/>\n<meta name=\"robots\" content=\"index, follow, max-snippet:-1, max-image-preview:large, max-video-preview:-1\" \/>\n<link rel=\"canonical\" href=\"https:\/\/bfsm.eu\/du\/versicherungen\/\" \/>\n<meta property=\"og:locale\" content=\"de_DE\" \/>\n<meta property=\"og:type\" content=\"article\" \/>\n<meta property=\"og:title\" content=\"Schadenermittlung f\u00fcr Versicherungen - BFSM\" \/>\n<meta property=\"og:description\" content=\"Schadenermittlung f\u00fcr Versicherungen: Vom Irrtum \u00fcber Missbrauch bis zum Betrug. Wie ein genauer Blick alle Beteiligten sch\u00fctzt.\" \/>\n<meta property=\"og:url\" content=\"https:\/\/bfsm.eu\/du\/versicherungen\/\" \/>\n<meta property=\"og:site_name\" content=\"BFSM\" \/>\n<meta property=\"article:modified_time\" content=\"2026-03-17T07:41:36+00:00\" \/>\n<meta property=\"og:image\" content=\"https:\/\/bfsm.eu\/wp-content\/uploads\/2023\/10\/about-4new_bw.jpg\" \/>\n\t<meta property=\"og:image:width\" content=\"510\" \/>\n\t<meta property=\"og:image:height\" content=\"584\" \/>\n\t<meta property=\"og:image:type\" content=\"image\/jpeg\" \/>\n<meta name=\"twitter:card\" content=\"summary_large_image\" \/>\n<meta name=\"twitter:label1\" content=\"Est. reading time\" \/>\n\t<meta name=\"twitter:data1\" content=\"1 Minute\" \/>\n<!-- \/ Yoast SEO plugin. -->","yoast_head_json":{"title":"Schadenermittlung f\u00fcr Versicherungen - BFSM","description":"Schadenermittlung f\u00fcr Versicherungen: Vom Irrtum \u00fcber Missbrauch bis zum Betrug. Wie ein genauer Blick alle Beteiligten sch\u00fctzt.","robots":{"index":"index","follow":"follow","max-snippet":"max-snippet:-1","max-image-preview":"max-image-preview:large","max-video-preview":"max-video-preview:-1"},"canonical":"https:\/\/bfsm.eu\/du\/versicherungen\/","og_locale":"de_DE","og_type":"article","og_title":"Schadenermittlung f\u00fcr Versicherungen - BFSM","og_description":"Schadenermittlung f\u00fcr Versicherungen: Vom Irrtum \u00fcber Missbrauch bis zum Betrug. Wie ein genauer Blick alle Beteiligten sch\u00fctzt.","og_url":"https:\/\/bfsm.eu\/du\/versicherungen\/","og_site_name":"BFSM","article_modified_time":"2026-03-17T07:41:36+00:00","og_image":[{"width":510,"height":584,"url":"https:\/\/bfsm.eu\/wp-content\/uploads\/2023\/10\/about-4new_bw.jpg","type":"image\/jpeg"}],"twitter_card":"summary_large_image","twitter_misc":{"Est. reading time":"1 Minute"},"schema":{"@context":"https:\/\/schema.org","@graph":[{"@type":"WebPage","@id":"https:\/\/bfsm.eu\/versicherungen\/","url":"https:\/\/bfsm.eu\/versicherungen\/","name":"Schadenermittlung f\u00fcr Versicherungen - BFSM","isPartOf":{"@id":"https:\/\/bfsm.eu\/#website"},"primaryImageOfPage":{"@id":"https:\/\/bfsm.eu\/versicherungen\/#primaryimage"},"image":{"@id":"https:\/\/bfsm.eu\/versicherungen\/#primaryimage"},"thumbnailUrl":"https:\/\/bfsm.eu\/wp-content\/uploads\/2023\/10\/about-4new_bw.jpg","datePublished":"2023-10-27T10:07:47+00:00","dateModified":"2026-03-17T07:41:36+00:00","description":"Schadenermittlung f\u00fcr Versicherungen: Vom Irrtum \u00fcber Missbrauch bis zum Betrug. Wie ein genauer Blick alle Beteiligten sch\u00fctzt.","breadcrumb":{"@id":"https:\/\/bfsm.eu\/versicherungen\/#breadcrumb"},"inLanguage":"de-AT","potentialAction":[{"@type":"ReadAction","target":["https:\/\/bfsm.eu\/versicherungen\/"]}]},{"@type":"ImageObject","inLanguage":"de-AT","@id":"https:\/\/bfsm.eu\/versicherungen\/#primaryimage","url":"https:\/\/bfsm.eu\/wp-content\/uploads\/2023\/10\/about-4new_bw.jpg","contentUrl":"https:\/\/bfsm.eu\/wp-content\/uploads\/2023\/10\/about-4new_bw.jpg","width":510,"height":584,"caption":"Home \u2013 BFSM"},{"@type":"BreadcrumbList","@id":"https:\/\/bfsm.eu\/versicherungen\/#breadcrumb","itemListElement":[{"@type":"ListItem","position":1,"name":"Startseite","item":"https:\/\/bfsm.eu\/"},{"@type":"ListItem","position":2,"name":"Schadenermittlung f\u00fcr Versicherungen"}]},{"@type":"WebSite","@id":"https:\/\/bfsm.eu\/#website","url":"https:\/\/bfsm.eu\/","name":"BFSM","description":"Schadenermittlung &amp; Berufsdetektei","publisher":{"@id":"https:\/\/bfsm.eu\/#organization"},"potentialAction":[{"@type":"SearchAction","target":{"@type":"EntryPoint","urlTemplate":"https:\/\/bfsm.eu\/?s={search_term_string}"},"query-input":{"@type":"PropertyValueSpecification","valueRequired":true,"valueName":"search_term_string"}}],"inLanguage":"de-AT"},{"@type":"Organization","@id":"https:\/\/bfsm.eu\/#organization","name":"BFSM","url":"https:\/\/bfsm.eu\/","logo":{"@type":"ImageObject","inLanguage":"de-AT","@id":"https:\/\/bfsm.eu\/#\/schema\/logo\/image\/","url":"https:\/\/bfsm.eu\/wp-content\/uploads\/2023\/09\/BFSM-Logo-NEU-1.png","contentUrl":"https:\/\/bfsm.eu\/wp-content\/uploads\/2023\/09\/BFSM-Logo-NEU-1.png","width":2048,"height":902,"caption":"BFSM"},"image":{"@id":"https:\/\/bfsm.eu\/#\/schema\/logo\/image\/"}}]}},"_links":{"self":[{"href":"https:\/\/bfsm.eu\/du\/wp-json\/wp\/v2\/pages\/2371","targetHints":{"allow":["GET"]}}],"collection":[{"href":"https:\/\/bfsm.eu\/du\/wp-json\/wp\/v2\/pages"}],"about":[{"href":"https:\/\/bfsm.eu\/du\/wp-json\/wp\/v2\/types\/page"}],"author":[{"embeddable":true,"href":"https:\/\/bfsm.eu\/du\/wp-json\/wp\/v2\/users\/1"}],"replies":[{"embeddable":true,"href":"https:\/\/bfsm.eu\/du\/wp-json\/wp\/v2\/comments?post=2371"}],"version-history":[{"count":0,"href":"https:\/\/bfsm.eu\/du\/wp-json\/wp\/v2\/pages\/2371\/revisions"}],"wp:featuredmedia":[{"embeddable":true,"href":"https:\/\/bfsm.eu\/du\/wp-json\/wp\/v2\/media\/2237"}],"wp:attachment":[{"href":"https:\/\/bfsm.eu\/du\/wp-json\/wp\/v2\/media?parent=2371"}],"curies":[{"name":"wp","href":"https:\/\/api.w.org\/{rel}","templated":true}]}}