{"id":2464,"date":"2023-10-27T12:36:03","date_gmt":"2023-10-27T12:36:03","guid":{"rendered":"http:\/\/bfsm.uafmusic.com\/?page_id=2464"},"modified":"2025-04-10T12:26:16","modified_gmt":"2025-04-10T12:26:16","slug":"impressum","status":"publish","type":"page","link":"https:\/\/bfsm.eu\/du\/impressum\/","title":{"rendered":"Impressum"},"content":{"rendered":"<div data-elementor-type=\"wp-page\" data-elementor-id=\"2464\" class=\"elementor elementor-2464\" data-elementor-post-type=\"page\">\n\t\t\t\t\t\t<section class=\"elementor-section elementor-top-section elementor-element elementor-element-7d57d826 elementor-section-boxed elementor-section-height-default elementor-section-height-default\" data-id=\"7d57d826\" data-element_type=\"section\" data-e-type=\"section\" data-settings=\"{&quot;jet_parallax_layout_list&quot;:[]}\">\n\t\t\t\t\t\t<div class=\"elementor-container elementor-column-gap-default\">\n\t\t\t\t\t<div class=\"elementor-column elementor-col-100 elementor-top-column elementor-element elementor-element-2446c47\" data-id=\"2446c47\" data-element_type=\"column\" data-e-type=\"column\">\n\t\t\t<div class=\"elementor-widget-wrap elementor-element-populated\">\n\t\t\t\t\t\t<div class=\"elementor-element elementor-element-2a59a045 elementor-widget elementor-widget-text-editor\" data-id=\"2a59a045\" data-element_type=\"widget\" data-e-type=\"widget\" data-widget_type=\"text-editor.default\">\n\t\t\t\t\t\t\t\t\t<p><\/p>\n<p>Angaben gem\u00e4\u00df Informationspflicht laut \u00a75 E-Commerce Gesetz, \u00a714 Unternehmensgesetzbuch, \u00a763 Gewerbeordnung und Offenlegungspflicht laut \u00a725 Mediengesetz.<\/p><p><br><\/p>\n<p><\/p>\n<p><\/p>\n<p><\/p>\n<p><h2><b>BFSM Schadenermittlung GmbH<\/b><\/h2><h3>Gunnersdorf 23\/2\/2<\/h3><h3>3142 Perschling<br>\u00d6sterreich<\/h3><\/p>\n<p><\/p>\n<p><\/p>\n<p><strong>UID-Nummer:<\/strong>&nbsp;ATU55520804<br><strong>GLN:<\/strong>&nbsp;9110016454580<br><strong>GISA:<\/strong>&nbsp;31726597<br><strong>Firmenbuchnummer:<\/strong>&nbsp;226207h<br><strong>Firmenbuchgericht:<\/strong>&nbsp;Landesgericht St. P\u00f6lten<br><strong>Firmensitz:<\/strong>&nbsp;3142 Perschling<\/p>\n<p><\/p>\n<p><\/p>\n<p><strong>Tel.:<\/strong>&nbsp;+43 2784 7104<br><strong>Fax:<\/strong>&nbsp;+43 2784 7104 \u2013 20<br><strong>E-Mail:<\/strong>&nbsp;<a href=\"mailto:office@bfsm.eu\">office@bfsm.eu<\/a><\/p>\n<p><\/p>\n<p><\/p>\n<p><strong>Mitglied bei:<\/strong>&nbsp;WKNOE Wirtschaftskammer-Platz 1 3100 St. P\u00f6lten<br><strong>Berufsrecht:<\/strong>&nbsp;GewO 1994, \u00a7\u00a7 129 u. 130<\/p>\n<p><\/p>\n<p><\/p>\n<p><strong>Aufsichtsbeh\u00f6rde\/Gewerbebeh\u00f6rde:<\/strong>&nbsp;Bezirkshauptmannschaft St. P\u00f6lten<br><strong>Berufsbezeichnung:<\/strong>&nbsp;Sicherheitsgewerbe (eingeschr\u00e4nkt auf Berufsdetektive)<br><strong>Verleihungsstaat:<\/strong>&nbsp;\u00d6sterreich<\/p>\n<p><\/p>\n<p><\/p>\n<p><strong>Gesch\u00e4ftsf\u00fchrer:&nbsp;<\/strong>Bernhard Mader<\/p><p><br><\/p>\n<p><\/p>\n<p><\/p>\n<h2 id=\"eu-streitschlichtung\" class=\"wp-block-heading\">EU-Streitschlichtung<\/h2>\n<p><\/p>\n<p><\/p>\n<p>Gem\u00e4\u00df Verordnung \u00fcber Online-Streitbeilegung in Verbraucherangelegenheiten (ODR-Verordnung) m\u00f6chten wir dich \u00fcber die Online-Streitbeilegungsplattform (OS-Plattform) informieren.<br>Verbraucher haben die M\u00f6glichkeit, Beschwerden an die Online Streitbeilegungsplattform der Europ\u00e4ischen Kommission unter&nbsp;<a href=\"https:\/\/ec.europa.eu\/consumers\/odr\/main\/index.cfm?event=main.home2.show&amp;lng=DE\" target=\"_blank\" rel=\"noreferrer noopener\">https:\/\/ec.europa.eu\/consumers\/odr\/main\/index.cfm?event=main.home2.show&amp;lng=DE<\/a>&nbsp;zu richten. Die daf\u00fcr notwendigen Kontaktdaten findest du oberhalb in unserem Impressum.<\/p>\n<p><\/p>\n<p><\/p>\n<p>Wir m\u00f6chten dich jedoch darauf hinweisen, dass wir nicht bereit oder verpflichtet sind, an Streitbeilegungsverfahren vor einer Verbraucherschlichtungsstelle teilzunehmen.<\/p><p><br><\/p>\n<p><\/p>\n<p><\/p>\n<h2 id=\"haftung-fuer-inhalte-dieser-webseite\" class=\"wp-block-heading\">Haftung f\u00fcr Inhalte dieser Website<\/h2>\n<p><\/p>\n<p><\/p>\n<p>Wir entwickeln die Inhalte dieser Website st\u00e4ndig weiter und bem\u00fchen uns korrekte und aktuelle Informationen bereitzustellen. Leider k\u00f6nnen wir keine Haftung f\u00fcr die Korrektheit aller Inhalte auf dieser Website \u00fcbernehmen, speziell f\u00fcr jene, die seitens Dritter bereitgestellt wurden. Als Diensteanbieter sind wir nicht verpflichtet, die von dir \u00fcbermittelten oder gespeicherten Informationen zu \u00fcberwachen oder nach Umst\u00e4nden zu forschen, die auf eine rechtswidrige T\u00e4tigkeit hinweisen.<\/p>\n<p><\/p>\n<p><\/p>\n<p>Unsere Verpflichtungen zur Entfernung von Informationen oder zur Sperrung der Nutzung von Informationen nach den allgemeinen Gesetzen aufgrund von gerichtlichen oder beh\u00f6rdlichen Anordnungen bleiben auch im Falle unserer Nichtverantwortlichkeit davon unber\u00fchrt.<\/p>\n<p><\/p>\n<p><\/p>\n<p>Sollten dir problematische oder rechtswidrige Inhalte auffallen, bitte wir dich, uns umgehend zu kontaktieren, damit wir die rechtswidrigen Inhalte entfernen k\u00f6nnen. Du findest die Kontaktdaten im Impressum.<\/p><p><br><\/p>\n<p><\/p>\n<p><\/p>\n<h2 id=\"haftung-links-webseite\" class=\"wp-block-heading\">Haftung f\u00fcr Links auf dieser Website<\/h2>\n<p><\/p>\n<p><\/p>\n<p>Unsere Website enth\u00e4lt Links zu anderen Websites f\u00fcr deren Inhalt wir nicht verantwortlich sind. Haftung f\u00fcr verlinkte Websites besteht f\u00fcr uns nicht, da wir keine Kenntnis rechtswidriger T\u00e4tigkeiten hatten und haben, uns solche Rechtswidrigkeiten auch bisher nicht aufgefallen sind und wir Links sofort entfernen w\u00fcrden, wenn uns Rechtswidrigkeiten bekannt werden.<\/p>\n<p><\/p>\n<p><\/p>\n<p>Wenn dir rechtswidrige Links auf unserer Website auffallen, bitte wir dich, uns zu kontaktieren. Du findest die Kontaktdaten im Impressum.<\/p><p><br><\/p>\n<p><\/p>\n<p><\/p>\n<h2 id=\"urheberrechtshinweis\" class=\"wp-block-heading\">Urheberrechtshinweis<\/h2>\n<p><\/p>\n<p><\/p>\n<p>Alle Inhalte dieser Webseite (Bilder, Fotos, Texte, Videos) unterliegen dem Urheberrecht. Bitte fragen Sie uns bevor Sie die Inhalte dieser Website verbreiten, vervielf\u00e4ltigen oder verwerten wie zum Beispiel auf anderen Websites erneut ver\u00f6ffentlichen. Falls notwendig, werden wir die unerlaubte Nutzung von Teilen der Inhalte unserer Seite rechtlich verfolgen.<\/p>\n<p><\/p>\n<p><\/p>\n<p>Solltest du auf dieser Webseite Inhalte finden, die das Urheberrecht verletzen, bitten wir dich, uns zu kontaktieren.<\/p><p><br><\/p>\n<p><\/p>\n<p><\/p>\n<h2 id=\"bildernachweis\" class=\"wp-block-heading\">Bildernachweis<\/h2>\n<p><\/p>\n<p><\/p>\n<p>Die Bilder, Fotos und Grafiken auf dieser Webseite sind urheberrechtlich gesch\u00fctzt.<\/p>\n<p><\/p>\n<p><\/p>\n<p>Die Bilderrechte liegen bei:<\/p>\n<p><\/p>\n<p><\/p>\n<p>pixabay.com (CC0 Creative Commons), fotolia.com (Fotolia Standard Lizenz)<\/p>\n<p><\/p>\n<p><\/p>\n<p>Alle Texte sind urheberrechtlich gesch\u00fctzt.<\/p>\n<p><\/p>\t\t\t\t\t\t\t\t<\/div>\n\t\t\t\t\t<\/div>\n\t\t<\/div>\n\t\t\t\t\t<\/div>\n\t\t<\/section>\n\t\t\t\t<\/div>","protected":false},"excerpt":{"rendered":"<p>Angaben gem\u00e4\u00df Informationspflicht laut \u00a75 E-Commerce Gesetz, \u00a714 Unternehmensgesetzbuch, \u00a763 Gewerbeordnung und Offenlegungspflicht laut \u00a725 Mediengesetz. BFSM Schadenermittlung GmbH Gunnersdorf 23\/2\/2 3142 Perschling\u00d6sterreich UID-Nummer:&nbsp;ATU55520804GLN:&nbsp;9110016454580GISA:&nbsp;31726597Firmenbuchnummer:&nbsp;226207hFirmenbuchgericht:&nbsp;Landesgericht St. P\u00f6ltenFirmensitz:&nbsp;3142 Perschling Tel.:&nbsp;+43 2784 7104Fax:&nbsp;+43 2784 7104 \u2013 20E-Mail:&nbsp;office@bfsm.eu Mitglied bei:&nbsp;WKNOE Wirtschaftskammer-Platz 1 3100 St. P\u00f6ltenBerufsrecht:&nbsp;GewO 1994, \u00a7\u00a7 129 u. 130 Aufsichtsbeh\u00f6rde\/Gewerbebeh\u00f6rde:&nbsp;Bezirkshauptmannschaft St. P\u00f6ltenBerufsbezeichnung:&nbsp;Sicherheitsgewerbe (eingeschr\u00e4nkt auf Berufsdetektive)Verleihungsstaat:&nbsp;\u00d6sterreich Gesch\u00e4ftsf\u00fchrer:&nbsp;Bernhard Mader EU-Streitschlichtung [&hellip;]<\/p>\n","protected":false},"author":1,"featured_media":0,"parent":0,"menu_order":0,"comment_status":"closed","ping_status":"closed","template":"","meta":{"_acf_changed":false,"footnotes":""},"class_list":["post-2464","page","type-page","status-publish","hentry"],"acf":[],"yoast_head":"<!-- This site is optimized with the Yoast SEO plugin v27.5 - https:\/\/yoast.com\/product\/yoast-seo-wordpress\/ -->\n<title>Impressum - BFSM<\/title>\n<meta name=\"robots\" content=\"noindex, nofollow\" \/>\n<meta property=\"og:locale\" content=\"de_DE\" \/>\n<meta property=\"og:type\" content=\"article\" \/>\n<meta property=\"og:title\" content=\"Impressum - BFSM\" \/>\n<meta property=\"og:description\" content=\"Angaben gem\u00e4\u00df Informationspflicht laut \u00a75 E-Commerce Gesetz, \u00a714 Unternehmensgesetzbuch, \u00a763 Gewerbeordnung und Offenlegungspflicht laut \u00a725 Mediengesetz. BFSM Schadenermittlung GmbH Gunnersdorf 23\/2\/2 3142 Perschling\u00d6sterreich UID-Nummer:&nbsp;ATU55520804GLN:&nbsp;9110016454580GISA:&nbsp;31726597Firmenbuchnummer:&nbsp;226207hFirmenbuchgericht:&nbsp;Landesgericht St. P\u00f6ltenFirmensitz:&nbsp;3142 Perschling Tel.:&nbsp;+43 2784 7104Fax:&nbsp;+43 2784 7104 \u2013 20E-Mail:&nbsp;office@bfsm.eu Mitglied bei:&nbsp;WKNOE Wirtschaftskammer-Platz 1 3100 St. P\u00f6ltenBerufsrecht:&nbsp;GewO 1994, \u00a7\u00a7 129 u. 130 Aufsichtsbeh\u00f6rde\/Gewerbebeh\u00f6rde:&nbsp;Bezirkshauptmannschaft St. P\u00f6ltenBerufsbezeichnung:&nbsp;Sicherheitsgewerbe (eingeschr\u00e4nkt auf Berufsdetektive)Verleihungsstaat:&nbsp;\u00d6sterreich Gesch\u00e4ftsf\u00fchrer:&nbsp;Bernhard Mader EU-Streitschlichtung [&hellip;]\" \/>\n<meta property=\"og:url\" content=\"https:\/\/bfsm.eu\/du\/impressum\/\" \/>\n<meta property=\"og:site_name\" content=\"BFSM\" \/>\n<meta property=\"article:modified_time\" content=\"2025-04-10T12:26:16+00:00\" \/>\n<meta name=\"twitter:card\" content=\"summary_large_image\" \/>\n<meta name=\"twitter:label1\" content=\"Est. reading time\" \/>\n\t<meta name=\"twitter:data1\" content=\"3 Minuten\" \/>\n<!-- \/ Yoast SEO plugin. -->","yoast_head_json":{"title":"Impressum - BFSM","robots":{"index":"noindex","follow":"nofollow"},"og_locale":"de_DE","og_type":"article","og_title":"Impressum - BFSM","og_description":"Angaben gem\u00e4\u00df Informationspflicht laut \u00a75 E-Commerce Gesetz, \u00a714 Unternehmensgesetzbuch, \u00a763 Gewerbeordnung und Offenlegungspflicht laut \u00a725 Mediengesetz. BFSM Schadenermittlung GmbH Gunnersdorf 23\/2\/2 3142 Perschling\u00d6sterreich UID-Nummer:&nbsp;ATU55520804GLN:&nbsp;9110016454580GISA:&nbsp;31726597Firmenbuchnummer:&nbsp;226207hFirmenbuchgericht:&nbsp;Landesgericht St. P\u00f6ltenFirmensitz:&nbsp;3142 Perschling Tel.:&nbsp;+43 2784 7104Fax:&nbsp;+43 2784 7104 \u2013 20E-Mail:&nbsp;office@bfsm.eu Mitglied bei:&nbsp;WKNOE Wirtschaftskammer-Platz 1 3100 St. P\u00f6ltenBerufsrecht:&nbsp;GewO 1994, \u00a7\u00a7 129 u. 130 Aufsichtsbeh\u00f6rde\/Gewerbebeh\u00f6rde:&nbsp;Bezirkshauptmannschaft St. P\u00f6ltenBerufsbezeichnung:&nbsp;Sicherheitsgewerbe (eingeschr\u00e4nkt auf Berufsdetektive)Verleihungsstaat:&nbsp;\u00d6sterreich Gesch\u00e4ftsf\u00fchrer:&nbsp;Bernhard Mader EU-Streitschlichtung [&hellip;]","og_url":"https:\/\/bfsm.eu\/du\/impressum\/","og_site_name":"BFSM","article_modified_time":"2025-04-10T12:26:16+00:00","twitter_card":"summary_large_image","twitter_misc":{"Est. reading time":"3 Minuten"},"schema":{"@context":"https:\/\/schema.org","@graph":[{"@type":"WebPage","@id":"https:\/\/bfsm.eu\/impressum\/","url":"https:\/\/bfsm.eu\/impressum\/","name":"Impressum - BFSM","isPartOf":{"@id":"https:\/\/bfsm.eu\/#website"},"datePublished":"2023-10-27T12:36:03+00:00","dateModified":"2025-04-10T12:26:16+00:00","breadcrumb":{"@id":"https:\/\/bfsm.eu\/impressum\/#breadcrumb"},"inLanguage":"de-AT","potentialAction":[{"@type":"ReadAction","target":["https:\/\/bfsm.eu\/impressum\/"]}]},{"@type":"BreadcrumbList","@id":"https:\/\/bfsm.eu\/impressum\/#breadcrumb","itemListElement":[{"@type":"ListItem","position":1,"name":"Startseite","item":"https:\/\/bfsm.eu\/"},{"@type":"ListItem","position":2,"name":"Impressum"}]},{"@type":"WebSite","@id":"https:\/\/bfsm.eu\/#website","url":"https:\/\/bfsm.eu\/","name":"BFSM","description":"Schadenermittlung &amp; Berufsdetektei","publisher":{"@id":"https:\/\/bfsm.eu\/#organization"},"potentialAction":[{"@type":"SearchAction","target":{"@type":"EntryPoint","urlTemplate":"https:\/\/bfsm.eu\/?s={search_term_string}"},"query-input":{"@type":"PropertyValueSpecification","valueRequired":true,"valueName":"search_term_string"}}],"inLanguage":"de-AT"},{"@type":"Organization","@id":"https:\/\/bfsm.eu\/#organization","name":"BFSM","url":"https:\/\/bfsm.eu\/","logo":{"@type":"ImageObject","inLanguage":"de-AT","@id":"https:\/\/bfsm.eu\/#\/schema\/logo\/image\/","url":"https:\/\/bfsm.eu\/wp-content\/uploads\/2023\/09\/BFSM-Logo-NEU-1.png","contentUrl":"https:\/\/bfsm.eu\/wp-content\/uploads\/2023\/09\/BFSM-Logo-NEU-1.png","width":2048,"height":902,"caption":"BFSM"},"image":{"@id":"https:\/\/bfsm.eu\/#\/schema\/logo\/image\/"}}]}},"_links":{"self":[{"href":"https:\/\/bfsm.eu\/du\/wp-json\/wp\/v2\/pages\/2464","targetHints":{"allow":["GET"]}}],"collection":[{"href":"https:\/\/bfsm.eu\/du\/wp-json\/wp\/v2\/pages"}],"about":[{"href":"https:\/\/bfsm.eu\/du\/wp-json\/wp\/v2\/types\/page"}],"author":[{"embeddable":true,"href":"https:\/\/bfsm.eu\/du\/wp-json\/wp\/v2\/users\/1"}],"replies":[{"embeddable":true,"href":"https:\/\/bfsm.eu\/du\/wp-json\/wp\/v2\/comments?post=2464"}],"version-history":[{"count":0,"href":"https:\/\/bfsm.eu\/du\/wp-json\/wp\/v2\/pages\/2464\/revisions"}],"wp:attachment":[{"href":"https:\/\/bfsm.eu\/du\/wp-json\/wp\/v2\/media?parent=2464"}],"curies":[{"name":"wp","href":"https:\/\/api.w.org\/{rel}","templated":true}]}}