{"id":3072,"date":"2025-04-10T12:02:26","date_gmt":"2025-04-10T12:02:26","guid":{"rendered":"https:\/\/bfsmwork.demoserver-obskura.eu\/?page_id=3072"},"modified":"2026-03-03T18:48:04","modified_gmt":"2026-03-03T18:48:04","slug":"agb","status":"publish","type":"page","link":"https:\/\/bfsm.eu\/du\/agb\/","title":{"rendered":"AGB"},"content":{"rendered":"<h2 class=\"wp-block-heading\" id=\"AGB\">I Allgemeines<\/h2>\n\n\n\n<p>Diese Allgemeinen Gesch\u00e4ftsbedingungen gelten zwischen dem Auftragnehmer und dem Auftraggeber und sind Bestandteil der zwischen dem Auftragnehmer und dem Auftraggeber abgeschlossenen Vertr\u00e4ge, Folge- bzw. Erg\u00e4nzungsauftr\u00e4ge und sonstiger zwischen dem Auftragnehmer und Auftraggeber geschlossenen Vereinbarungen.<\/p>\n\n\n\n<p><strong>Detektei:&nbsp;<\/strong>Die Detektei (BFSM&nbsp;Schadenermittlung GmbH) ist Auftragnehmer im Sinne dieser Allgemeinen Gesch\u00e4ftsbedingungen.<\/p>\n\n\n\n<p><strong>Auftraggeber:&nbsp;<\/strong>Auftraggeber ist eine nat\u00fcrliche oder juristische Person, die den Auftragnehmer zur Erbringung einer Leistung im Sinne dieser AGB beauftragt.<\/p>\n\n\n\n<p><strong>Ermittlung:&nbsp;<\/strong>Ermittlung ist die auftragsgem\u00e4\u00dfe Beschaffung von Informationen.<\/p>\n\n\n\n<p><strong>Observation:&nbsp;<\/strong>Observation ist die zielgerichtete Beobachtung von Personen sowie beweglichen und\/oder unbeweglichen Sachen zur Informationserlangung.<\/p>\n\n\n\n<p><strong>Bericht:&nbsp;<\/strong>Bericht ist die schriftliche Zusammenfassung des Ermittlungs- und\/oder Observationsergebnisses.<\/p>\n\n\n\n<p><strong>Subunternehmen:&nbsp;<\/strong>Ein Subunternehmen ist ein vom Auftragnehmer beauftragtes Unternehmen zur g\u00e4nzlichen oder teilweisen Besorgung der vom Auftragnehmer dem Auftraggeber geschuldeten Leistung.<\/p>\n\n\n\n<p><strong>Dritte:&nbsp;<\/strong>Ein Dritter ist jede von dem Auftragnehmer und Auftraggeber verschiedene nat\u00fcrliche oder juristische Person mit Ausnahme der beim Auftragnehmer und beim Auftraggeber besch\u00e4ftigten Dienstnehmer.<\/p>\n\n\n\n<h2 class=\"wp-block-heading\">III Vertragsgegenstand<\/h2>\n\n\n\n<p>Vertragsgegenstand ist die Beschaffung von Informationen \u00fcber (rechtserhebliche) Tatsachen, die Beschaffung von Beweismaterial \u00fcber (rechtserhebliche) Tatsachen und die Berichterstattung.<\/p>\n\n\n\n<p>Der Auftraggeber beauftragt den Auftragnehmer im Einzelfall zur Erbringung von Leistungen im Bereich \u201eErmittlungen\u201c und \u201eObservation\u201c.<\/p>\n\n\n\n<p>Der Auftragnehmer stellt dem Auftraggeber seine Berichte zur internen Verwendung zur Verf\u00fcgung. Eine andere Verwendung ist nur bei ausdr\u00fccklicher Zustimmung des Auftragnehmers gestattet.<\/p>\n\n\n\n<p>Der Auftragnehmer schuldet keinen bestimmten Erfolg, weshalb es sich um keinen Werkvertrag nach den Bestimmungen des AGBG handelt. Der Auftraggeber erm\u00e4chtigt und bevollm\u00e4chtigt den Auftragnehmer alle n\u00fctzlichen und notwendigen Veranlassungen zu treffen, um den Auftrag zu erf\u00fcllen.<\/p>\n\n\n\n<h2 class=\"wp-block-heading\">IV Vertragsabschluss<\/h2>\n\n\n\n<p>Der Vertrag zwischen dem Auftragnehmer und dem Auftraggeber kommt zustande, wenn dem Auftragnehmer ein schriftlicher oder m\u00fcndlicher Auftrag vom Auftraggeber vorliegt und dieser vom Auftragnehmer angenommen wurde.<\/p>\n\n\n\n<p>Steht der Auftraggeber zum Auftragnehmer nicht in einer st\u00e4ndigen Gesch\u00e4ftsbeziehung (Rahmenvereinbarung), so gelten diese allgemeinen Gesch\u00e4ftsbedingungen als angenommen, wenn der Auftraggeber ihnen nicht binnen 2 Werktagen widerspricht.<\/p>\n\n\n\n<p>Der Auftraggeber best\u00e4tigt, dass er mit dem erteilten Auftrag keine sitten- oder gesetzeswidrigen Ziele verfolgt.<\/p>\n\n\n\n<h2 class=\"wp-block-heading\">V Subunternehmer<\/h2>\n\n\n\n<p>Der Auftragnehmer ist berechtigt Subunternehmer mit der Durchf\u00fchrung von dem Auftraggeber gegen\u00fcber geschuldeten Leistungen zu beauftragen.<\/p>\n\n\n\n<h2 class=\"wp-block-heading\">VI Verg\u00fctung<\/h2>\n\n\n\n<p>Die Honorarverrechnung erfolgt auf Basis des vom Auftragnehmer get\u00e4tigten Aufwandes. Zu verrechnen sind Stundens\u00e4tze, Kilometergeld und sonstige Auslagen. Die Honorare unterliegen der Vereinbarung im Einzelfall.<\/p>\n\n\n\n<p>Verzug tritt ein, wenn der Auftraggeber der Zahlung nicht binnen f\u00fcnf Tagen nach F\u00e4lligkeit der Honorarforderung nachkommt. Sollte der Auftraggeber mit einer Zahlung in Verzug geraten, so verpflichtet sich der Auftraggeber Verzugszinsen in H\u00f6he von 9,2&nbsp;% p.a. zu bezahlen. Weiters verpflichtet sich der Auftraggeber die im Zusammenhang mit der Einbringlichmachung entstehenden Kosten (u.a. Mahn-, Inkasso- und Rechtsanwaltskosten) zu ersetzen.<\/p>\n\n\n\n<p>Leistungen des Auftragnehmers die nach Beendigung des Auftragsverh\u00e4ltnisses aufgrund des urspr\u00fcnglichen Auftragsverh\u00e4ltnisses erbracht werden m\u00fcssen (bspw. durch Zeugenladungen, Informations- und Auskunftspflichten nach der DSGVO, etc.) sind vom Auftraggeber entsprechend dem Honorar nach dem Hauptauftrag zu ersetzen. Dem Auftragnehmer stehen der Ersatz von Kilometergeld und sonstige Auslagen zu.<\/p>\n\n\n\n<h2 class=\"wp-block-heading\">VII Haftung<\/h2>\n\n\n\n<p>Der Auftragnehmer beschafft dem Auftraggeber in der Auftragsdurchf\u00fchrung Informationen und stellt diese dem Auftraggeber elektronisch und\/oder in Papierform zur Verf\u00fcgung. Der Auftraggeber verwendet diese Informationen zur Rechtsverfolgung und\/oder Rechtsverteidigung und\/oder zur Pr\u00fcfung seiner Rechte und rechtlichen Anspr\u00fcche.<\/p>\n\n\n\n<p>Damit kann die Weitergabe von Informationen an Dritte verbunden sein. Weiters k\u00f6nnen die vom Auftragnehmer zur Auftragserf\u00fcllung gesetzten Handlungen (Ermittlungen, Beobachtung von Personen und Sachen, etc.) zu Anspruchstellungen von Dritten gegen den Auftragnehmer f\u00fchren. Der Auftraggeber verpflichtet sich den Auftragnehmer im Falle von derartigen Inanspruchnahmen schad- und klaglos zu halten.<\/p>\n\n\n\n<h2 class=\"wp-block-heading\">VIII Verschwiegenheitsverpflichtung<\/h2>\n\n\n\n<p>Der Auftragnehmer ist aufgrund berufsrechtlicher Bestimmungen von einer Verschwiegenheitsverpflichtung betroffen (\u00a7 130 Abs 5 GewO). Der Auftraggeber wird im Einzelfall daf\u00fcr Sorge tragen, dass der Auftragnehmer oder Mitarbeiter des Auftragsnehmers aus Anlass von Zeugeneinvernahmen von der Verschwiegenheitspflicht entbunden sind.<\/p>\n\n\n\n<p>Sollten eigene Interessen des Auftragnehmers betroffen sein, die im Zusammenhang mit einer Auftragserteilung bestehen (z.B. Auftragnehmer wird klagsweise in Anspruch genommen oder muss selbst gerichtliche Schritte einleiten) ist der Auftraggeber verpflichtet die Entbindung der Verschwiegenheitsverpflichtung zu erteilen oder dem Auftragnehmer alle aus der Nichtentbindung entstehenden Sch\u00e4den zu ersetzen.<\/p>\n\n\n\n<h2 class=\"wp-block-heading\">IX Sonstiges<\/h2>\n\n\n\n<p>Mit Annahme dieser Allgemeinen Gesch\u00e4ftsbedingungen wird die Kenntnisnahme der Datenschutzerkl\u00e4rung best\u00e4tigt. Die Datenschutzerkl\u00e4rung beinhaltet alle erforderlichen Informationen zur Verarbeitung der Daten und zu den Rechten betroffener Personen nach der DSGVO und ist unter <a href=\"https:\/\/bfsm.eu\/du\/datenschutz\/\">www.bfsm.eu<\/a> einsehbar.<\/p>","protected":false},"excerpt":{"rendered":"<p>I Allgemeines Diese Allgemeinen Gesch\u00e4ftsbedingungen gelten zwischen dem Auftragnehmer und dem Auftraggeber und sind Bestandteil der zwischen dem Auftragnehmer und dem Auftraggeber abgeschlossenen Vertr\u00e4ge, Folge- bzw. Erg\u00e4nzungsauftr\u00e4ge und sonstiger zwischen dem Auftragnehmer und Auftraggeber geschlossenen Vereinbarungen. Detektei:&nbsp;Die Detektei (BFSM&nbsp;Schadenermittlung GmbH) ist Auftragnehmer im Sinne dieser Allgemeinen Gesch\u00e4ftsbedingungen. Auftraggeber:&nbsp;Auftraggeber ist eine nat\u00fcrliche oder juristische Person, die [&hellip;]<\/p>\n","protected":false},"author":2,"featured_media":0,"parent":0,"menu_order":0,"comment_status":"closed","ping_status":"closed","template":"","meta":{"_acf_changed":false,"footnotes":""},"class_list":["post-3072","page","type-page","status-publish","hentry"],"acf":[],"yoast_head":"<!-- This site is optimized with the Yoast SEO plugin v27.5 - https:\/\/yoast.com\/product\/yoast-seo-wordpress\/ -->\n<title>AGB - BFSM<\/title>\n<meta name=\"robots\" content=\"noindex, nofollow\" \/>\n<meta property=\"og:locale\" content=\"de_DE\" \/>\n<meta property=\"og:type\" content=\"article\" \/>\n<meta property=\"og:title\" content=\"AGB - BFSM\" \/>\n<meta property=\"og:description\" content=\"I Allgemeines Diese Allgemeinen Gesch\u00e4ftsbedingungen gelten zwischen dem Auftragnehmer und dem Auftraggeber und sind Bestandteil der zwischen dem Auftragnehmer und dem Auftraggeber abgeschlossenen Vertr\u00e4ge, Folge- bzw. Erg\u00e4nzungsauftr\u00e4ge und sonstiger zwischen dem Auftragnehmer und Auftraggeber geschlossenen Vereinbarungen. Detektei:&nbsp;Die Detektei (BFSM&nbsp;Schadenermittlung GmbH) ist Auftragnehmer im Sinne dieser Allgemeinen Gesch\u00e4ftsbedingungen. Auftraggeber:&nbsp;Auftraggeber ist eine nat\u00fcrliche oder juristische Person, die [&hellip;]\" \/>\n<meta property=\"og:url\" content=\"https:\/\/bfsm.eu\/du\/agb\/\" \/>\n<meta property=\"og:site_name\" content=\"BFSM\" \/>\n<meta property=\"article:modified_time\" content=\"2026-03-03T18:48:04+00:00\" \/>\n<meta name=\"twitter:card\" content=\"summary_large_image\" \/>\n<meta name=\"twitter:label1\" content=\"Est. reading time\" \/>\n\t<meta name=\"twitter:data1\" content=\"4 Minuten\" \/>\n<!-- \/ Yoast SEO plugin. -->","yoast_head_json":{"title":"AGB - BFSM","robots":{"index":"noindex","follow":"nofollow"},"og_locale":"de_DE","og_type":"article","og_title":"AGB - BFSM","og_description":"I Allgemeines Diese Allgemeinen Gesch\u00e4ftsbedingungen gelten zwischen dem Auftragnehmer und dem Auftraggeber und sind Bestandteil der zwischen dem Auftragnehmer und dem Auftraggeber abgeschlossenen Vertr\u00e4ge, Folge- bzw. Erg\u00e4nzungsauftr\u00e4ge und sonstiger zwischen dem Auftragnehmer und Auftraggeber geschlossenen Vereinbarungen. Detektei:&nbsp;Die Detektei (BFSM&nbsp;Schadenermittlung GmbH) ist Auftragnehmer im Sinne dieser Allgemeinen Gesch\u00e4ftsbedingungen. Auftraggeber:&nbsp;Auftraggeber ist eine nat\u00fcrliche oder juristische Person, die [&hellip;]","og_url":"https:\/\/bfsm.eu\/du\/agb\/","og_site_name":"BFSM","article_modified_time":"2026-03-03T18:48:04+00:00","twitter_card":"summary_large_image","twitter_misc":{"Est. reading time":"4 Minuten"},"schema":{"@context":"https:\/\/schema.org","@graph":[{"@type":"WebPage","@id":"https:\/\/bfsm.eu\/agb\/","url":"https:\/\/bfsm.eu\/agb\/","name":"AGB - BFSM","isPartOf":{"@id":"https:\/\/bfsm.eu\/#website"},"datePublished":"2025-04-10T12:02:26+00:00","dateModified":"2026-03-03T18:48:04+00:00","breadcrumb":{"@id":"https:\/\/bfsm.eu\/agb\/#breadcrumb"},"inLanguage":"de-AT","potentialAction":[{"@type":"ReadAction","target":["https:\/\/bfsm.eu\/agb\/"]}]},{"@type":"BreadcrumbList","@id":"https:\/\/bfsm.eu\/agb\/#breadcrumb","itemListElement":[{"@type":"ListItem","position":1,"name":"Startseite","item":"https:\/\/bfsm.eu\/"},{"@type":"ListItem","position":2,"name":"AGB"}]},{"@type":"WebSite","@id":"https:\/\/bfsm.eu\/#website","url":"https:\/\/bfsm.eu\/","name":"BFSM","description":"Schadenermittlung &amp; Berufsdetektei","publisher":{"@id":"https:\/\/bfsm.eu\/#organization"},"potentialAction":[{"@type":"SearchAction","target":{"@type":"EntryPoint","urlTemplate":"https:\/\/bfsm.eu\/?s={search_term_string}"},"query-input":{"@type":"PropertyValueSpecification","valueRequired":true,"valueName":"search_term_string"}}],"inLanguage":"de-AT"},{"@type":"Organization","@id":"https:\/\/bfsm.eu\/#organization","name":"BFSM","url":"https:\/\/bfsm.eu\/","logo":{"@type":"ImageObject","inLanguage":"de-AT","@id":"https:\/\/bfsm.eu\/#\/schema\/logo\/image\/","url":"https:\/\/bfsm.eu\/wp-content\/uploads\/2023\/09\/BFSM-Logo-NEU-1.png","contentUrl":"https:\/\/bfsm.eu\/wp-content\/uploads\/2023\/09\/BFSM-Logo-NEU-1.png","width":2048,"height":902,"caption":"BFSM"},"image":{"@id":"https:\/\/bfsm.eu\/#\/schema\/logo\/image\/"}}]}},"_links":{"self":[{"href":"https:\/\/bfsm.eu\/du\/wp-json\/wp\/v2\/pages\/3072","targetHints":{"allow":["GET"]}}],"collection":[{"href":"https:\/\/bfsm.eu\/du\/wp-json\/wp\/v2\/pages"}],"about":[{"href":"https:\/\/bfsm.eu\/du\/wp-json\/wp\/v2\/types\/page"}],"author":[{"embeddable":true,"href":"https:\/\/bfsm.eu\/du\/wp-json\/wp\/v2\/users\/2"}],"replies":[{"embeddable":true,"href":"https:\/\/bfsm.eu\/du\/wp-json\/wp\/v2\/comments?post=3072"}],"version-history":[{"count":0,"href":"https:\/\/bfsm.eu\/du\/wp-json\/wp\/v2\/pages\/3072\/revisions"}],"wp:attachment":[{"href":"https:\/\/bfsm.eu\/du\/wp-json\/wp\/v2\/media?parent=3072"}],"curies":[{"name":"wp","href":"https:\/\/api.w.org\/{rel}","templated":true}]}}