{"id":2417,"date":"2023-10-27T10:15:38","date_gmt":"2023-10-27T10:15:38","guid":{"rendered":"http:\/\/bfsm.uafmusic.com\/?page_id=2417"},"modified":"2026-05-02T13:04:14","modified_gmt":"2026-05-02T13:04:14","slug":"firmenkunden","status":"publish","type":"page","link":"https:\/\/bfsm.eu\/en\/firmenkunden\/","title":{"rendered":"Business Customers"},"content":{"rendered":"<div data-elementor-type=\"wp-page\" data-elementor-id=\"2417\" class=\"elementor elementor-2417\" data-elementor-post-type=\"page\">\n\t\t\t\t<div class=\"elementor-element elementor-element-4b4f8832 e-flex e-con-boxed e-con e-parent\" data-id=\"4b4f8832\" data-element_type=\"container\" data-e-type=\"container\" data-settings=\"{&quot;background_background&quot;:&quot;classic&quot;,&quot;jet_parallax_layout_list&quot;:[]}\">\n\t\t\t\t\t<div class=\"e-con-inner\">\n\t\t<div class=\"elementor-element elementor-element-ea12273 e-con-full e-flex e-con e-child\" data-id=\"ea12273\" data-element_type=\"container\" data-e-type=\"container\" data-settings=\"{&quot;jet_parallax_layout_list&quot;:[]}\">\n\t\t\t\t<div class=\"elementor-element elementor-element-58258ceb elementor-widget elementor-widget-heading\" data-id=\"58258ceb\" data-element_type=\"widget\" data-e-type=\"widget\" data-widget_type=\"heading.default\">\n\t\t\t\t\t<h1 class=\"elementor-heading-title elementor-size-default\">Business Customers<\/h1>\t\t\t\t<\/div>\n\t\t\t\t<\/div>\n\t\t<div class=\"elementor-element elementor-element-7148a4ac e-con-full e-flex e-con e-child\" data-id=\"7148a4ac\" data-element_type=\"container\" data-e-type=\"container\" data-settings=\"{&quot;jet_parallax_layout_list&quot;:[]}\">\n\t\t<div class=\"elementor-element elementor-element-43424464 e-con-full e-flex e-con e-child\" data-id=\"43424464\" data-element_type=\"container\" data-e-type=\"container\" data-settings=\"{&quot;background_background&quot;:&quot;classic&quot;,&quot;jet_parallax_layout_list&quot;:[]}\">\n\t\t\t\t<div class=\"elementor-element elementor-element-4a6e098c elementor-position-inline-start iconlist elementor-mobile-position-inline-start elementor-view-default elementor-widget elementor-widget-icon-box\" data-id=\"4a6e098c\" data-element_type=\"widget\" data-e-type=\"widget\" data-widget_type=\"icon-box.default\">\n\t\t\t\t\t\t\t<div class=\"elementor-icon-box-wrapper\">\n\n\t\t\t\t\t\t<div class=\"elementor-icon-box-icon\">\n\t\t\t\t<span  class=\"elementor-icon\">\n\t\t\t\t<svg aria-hidden=\"true\" class=\"e-font-icon-svg e-fas-grip-horizontal\" viewbox=\"0 0 448 512\" xmlns=\"http:\/\/www.w3.org\/2000\/svg\"><path d=\"M96 288H32c-17.67 0-32 14.33-32 32v64c0 17.67 14.33 32 32 32h64c17.67 0 32-14.33 32-32v-64c0-17.67-14.33-32-32-32zm160 0h-64c-17.67 0-32 14.33-32 32v64c0 17.67 14.33 32 32 32h64c17.67 0 32-14.33 32-32v-64c0-17.67-14.33-32-32-32zm160 0h-64c-17.67 0-32 14.33-32 32v64c0 17.67 14.33 32 32 32h64c17.67 0 32-14.33 32-32v-64c0-17.67-14.33-32-32-32zM96 96H32c-17.67 0-32 14.33-32 32v64c0 17.67 14.33 32 32 32h64c17.67 0 32-14.33 32-32v-64c0-17.67-14.33-32-32-32zm160 0h-64c-17.67 0-32 14.33-32 32v64c0 17.67 14.33 32 32 32h64c17.67 0 32-14.33 32-32v-64c0-17.67-14.33-32-32-32zm160 0h-64c-17.67 0-32 14.33-32 32v64c0 17.67 14.33 32 32 32h64c17.67 0 32-14.33 32-32v-64c0-17.67-14.33-32-32-32z\"><\/path><\/svg>\t\t\t\t<\/span>\n\t\t\t<\/div>\n\t\t\t\n\t\t\t\t\t\t<div class=\"elementor-icon-box-content\">\n\n\t\t\t\t\t\t\t\t\t<p class=\"elementor-icon-box-title\">\n\t\t\t\t\t\t<span  >\n\t\t\t\t\t\t\tBFSM Schadenermittlung GmbH \t\t\t\t\t\t<\/span>\n\t\t\t\t\t<\/p>\n\t\t\t\t\n\t\t\t\t\t\t\t\t\t<p class=\"elementor-icon-box-description\">\n\t\t\t\t\t\tResearch. Investigations. <br>Surveillance. \t\t\t\t\t<\/p>\n\t\t\t\t\n\t\t\t<\/div>\n\t\t\t\n\t\t<\/div>\n\t\t\t\t\t\t<\/div>\n\t\t\t\t<\/div>\n\t\t<div class=\"elementor-element elementor-element-2b4c994a e-con-full elementor-hidden-mobile e-flex e-con e-child\" data-id=\"2b4c994a\" data-element_type=\"container\" data-e-type=\"container\" data-settings=\"{&quot;background_background&quot;:&quot;classic&quot;,&quot;jet_parallax_layout_list&quot;:[]}\">\n\t\t\t\t<div class=\"elementor-element elementor-element-23d7638 elementor-position-inline-start iconlist elementor-mobile-position-inline-start elementor-view-default elementor-widget elementor-widget-icon-box\" data-id=\"23d7638\" data-element_type=\"widget\" data-e-type=\"widget\" data-widget_type=\"icon-box.default\">\n\t\t\t\t\t\t\t<div class=\"elementor-icon-box-wrapper\">\n\n\t\t\t\t\t\t<div class=\"elementor-icon-box-icon\">\n\t\t\t\t<span  class=\"elementor-icon\">\n\t\t\t\t<svg aria-hidden=\"true\" class=\"e-font-icon-svg e-fas-grip-horizontal\" viewbox=\"0 0 448 512\" xmlns=\"http:\/\/www.w3.org\/2000\/svg\"><path d=\"M96 288H32c-17.67 0-32 14.33-32 32v64c0 17.67 14.33 32 32 32h64c17.67 0 32-14.33 32-32v-64c0-17.67-14.33-32-32-32zm160 0h-64c-17.67 0-32 14.33-32 32v64c0 17.67 14.33 32 32 32h64c17.67 0 32-14.33 32-32v-64c0-17.67-14.33-32-32-32zm160 0h-64c-17.67 0-32 14.33-32 32v64c0 17.67 14.33 32 32 32h64c17.67 0 32-14.33 32-32v-64c0-17.67-14.33-32-32-32zM96 96H32c-17.67 0-32 14.33-32 32v64c0 17.67 14.33 32 32 32h64c17.67 0 32-14.33 32-32v-64c0-17.67-14.33-32-32-32zm160 0h-64c-17.67 0-32 14.33-32 32v64c0 17.67 14.33 32 32 32h64c17.67 0 32-14.33 32-32v-64c0-17.67-14.33-32-32-32zm160 0h-64c-17.67 0-32 14.33-32 32v64c0 17.67 14.33 32 32 32h64c17.67 0 32-14.33 32-32v-64c0-17.67-14.33-32-32-32z\"><\/path><\/svg>\t\t\t\t<\/span>\n\t\t\t<\/div>\n\t\t\t\n\t\t\t\t\t\t<div class=\"elementor-icon-box-content\">\n\n\t\t\t\t\t\t\t\t\t<p class=\"elementor-icon-box-title\">\n\t\t\t\t\t\t<span  >\n\t\t\t\t\t\t\tBFSM Schadenermittlung GmbH\t\t\t\t\t\t<\/span>\n\t\t\t\t\t<\/p>\n\t\t\t\t\n\t\t\t\t\t\t\t\t\t<p class=\"elementor-icon-box-description\">\n\t\t\t\t\t\tProfessional. Trustworthy. <br>Discreet. \t\t\t\t\t<\/p>\n\t\t\t\t\n\t\t\t<\/div>\n\t\t\t\n\t\t<\/div>\n\t\t\t\t\t\t<\/div>\n\t\t\t\t<\/div>\n\t\t\t\t<\/div>\n\t\t\t\t\t<\/div>\n\t\t\t\t<\/div>\n\t\t<div class=\"elementor-element elementor-element-ddb4cd3 e-flex e-con-boxed e-con e-parent\" data-id=\"ddb4cd3\" data-element_type=\"container\" data-e-type=\"container\" data-settings=\"{&quot;background_background&quot;:&quot;classic&quot;,&quot;jet_parallax_layout_list&quot;:[]}\">\n\t\t\t\t\t<div class=\"e-con-inner\">\n\t\t<div class=\"elementor-element elementor-element-6dad212d e-con-full e-flex e-con e-child\" data-id=\"6dad212d\" data-element_type=\"container\" data-e-type=\"container\" data-settings=\"{&quot;jet_parallax_layout_list&quot;:[]}\">\n\t\t\t\t<div class=\"elementor-element elementor-element-8646e4 elementor-widget elementor-widget-heading\" data-id=\"8646e4\" data-element_type=\"widget\" data-e-type=\"widget\" data-widget_type=\"heading.default\">\n\t\t\t\t\t<h2 class=\"elementor-heading-title elementor-size-default\">Employees<\/h2>\t\t\t\t<\/div>\n\t\t\t\t<div class=\"elementor-element elementor-element-11468b88 elementor-widget elementor-widget-text-editor\" data-id=\"11468b88\" data-element_type=\"widget\" data-e-type=\"widget\" data-widget_type=\"text-editor.default\">\n\t\t\t\t\t\t\t\t\t<p>We investigate whether any actions have taken place that undermine the trust between the company and its employees.<\/p><ul><li><strong>Pre-employment screening<\/strong>, background checks for prospective employees and key workers.<\/li><li><strong>\u2022\tSick leave abuse:<\/strong> We discreetly investigate whether employees on sick leave are genuinely unable to work or are failing to fulfil their duties.<\/li><li><strong>Working time fraud:<\/strong> We investigate whether working hours are being recorded accurately or systematically manipulated.<\/li><li><strong>Theft in the workplace:<\/strong> We conduct discreet investigations to determine whether company assets \u2013 be they tangible or intangible \u2013 are being stolen.<\/li><li><strong>Fraud at the employer\u2019s expense:<\/strong> We uncover fraudulent activities that cause financial or organisational harm to the company.<\/li><li><strong>Prohibited secondary employment:<\/strong> We investigate whether employees are engaging in unauthorised competitive activities or misusing company resources.<\/li><li><strong>Disclosure of confidential information:<\/strong> We investigate whether sensitive data or trade secrets are being disclosed to unauthorised parties.<\/li><li><strong>Misuse of company funds:<\/strong> We investigate the unauthorised or non-work-related use of vehicles, equipment or IT systems.<\/li><\/ul><p>You can rely on our experience when it comes to verifying trustworthiness \u2013 <strong>securely, discreetly and in compliance with the law.<\/strong><\/p>\t\t\t\t\t\t\t\t<\/div>\n\t\t\t\t<div class=\"elementor-element elementor-element-729d141 elementor-widget elementor-widget-heading\" data-id=\"729d141\" data-element_type=\"widget\" data-e-type=\"widget\" data-widget_type=\"heading.default\">\n\t\t\t\t\t<h2 class=\"elementor-heading-title elementor-size-default\">White-collar crime<\/h2>\t\t\t\t<\/div>\n\t\t\t\t<div class=\"elementor-element elementor-element-827237c elementor-widget elementor-widget-text-editor\" data-id=\"827237c\" data-element_type=\"widget\" data-e-type=\"widget\" data-widget_type=\"text-editor.default\">\n\t\t\t\t\t\t\t\t\t<p>Corruption, sabotage, embezzlement or fraud \u2013 white-collar crime of this nature can affect any business and be very costly. Our discreet approach helps you minimise losses and boost confidence in your company.<\/p>\t\t\t\t\t\t\t\t<\/div>\n\t\t\t\t<div class=\"elementor-element elementor-element-b259a09 elementor-cta--skin-cover elementor-cta--valign-middle elementor-animated-content elementor-bg-transform elementor-bg-transform-zoom-in elementor-widget elementor-widget-call-to-action\" data-id=\"b259a09\" data-element_type=\"widget\" data-e-type=\"widget\" data-widget_type=\"call-to-action.default\">\n\t\t\t\t\t\t\t<div class=\"elementor-cta\">\n\t\t\t\t\t<div class=\"elementor-cta__bg-wrapper\">\n\t\t\t\t<div class=\"elementor-cta__bg elementor-bg\" style=\"background-image: url(https:\/\/bfsm.eu\/wp-content\/uploads\/2023\/10\/Header_BG6-1024x310.jpg);\" role=\"img\" aria-label=\"Home \u2013 BFSM\"><\/div>\n\t\t\t\t<div class=\"elementor-cta__bg-overlay\"><\/div>\n\t\t\t<\/div>\n\t\t\t\t\t\t\t<div class=\"elementor-cta__content\">\n\t\t\t\t\n\t\t\t\t\t\t\t\t\t<h2 class=\"elementor-cta__title elementor-cta__content-item elementor-content-item elementor-animated-item--grow\">\n\t\t\t\t\t\tDo you need some clarity?\t\t\t\t\t<\/h2>\n\t\t\t\t\n\t\t\t\t\t\t\t\t\t<div class=\"elementor-cta__description elementor-cta__content-item elementor-content-item elementor-animated-item--grow\">\n\t\t\t\t\t\tLet\u2019s find out together what\u2019s going on behind the scenes \u2013 discreetly and professionally.\t\t\t\t\t<\/div>\n\t\t\t\t\n\t\t\t\t\t\t\t\t\t<div class=\"elementor-cta__button-wrapper elementor-cta__content-item elementor-content-item elementor-animated-item--grow\">\n\t\t\t\t\t<a class=\"elementor-cta__button elementor-button elementor-size-\" href=\"https:\/\/bfsm.eu\/en\/kontakt\/\">\n\t\t\t\t\t\tContact us\t\t\t\t\t<\/a>\n\t\t\t\t\t<\/div>\n\t\t\t\t\t\t\t<\/div>\n\t\t\t\t\t\t<\/div>\n\t\t\t\t\t\t<\/div>\n\t\t\t\t<\/div>\n\t\t\t\t\t<\/div>\n\t\t\t\t<\/div>\n\t\t<div class=\"elementor-element elementor-element-198c724f e-flex e-con-boxed e-con e-parent\" data-id=\"198c724f\" data-element_type=\"container\" data-e-type=\"container\" data-settings=\"{&quot;background_background&quot;:&quot;classic&quot;,&quot;jet_parallax_layout_list&quot;:[]}\">\n\t\t\t\t\t<div class=\"e-con-inner\">\n\t\t<div class=\"elementor-element elementor-element-d8f7606 e-con-full e-flex e-con e-child\" data-id=\"d8f7606\" data-element_type=\"container\" data-e-type=\"container\" data-settings=\"{&quot;jet_parallax_layout_list&quot;:[]}\">\n\t\t\t\t<div class=\"elementor-element elementor-element-d14f51d elementor-widget elementor-widget-jet-portfolio\" data-id=\"d14f51d\" data-element_type=\"widget\" data-e-type=\"widget\" data-settings=\"{&quot;columns&quot;:&quot;4&quot;,&quot;columns_mobile&quot;:&quot;1&quot;,&quot;columns_mobile_extra&quot;:&quot;2&quot;,&quot;columns_tablet&quot;:&quot;2&quot;}\" data-widget_type=\"jet-portfolio.default\">\n\t\t\t\t<div class=\"elementor-widget-container\">\n\t\t\t\t\t<div class=\"elementor-jet-portfolio jet-elements\">\n<div class=\"jet-portfolio layout-type-grid preset-type-4 layout-desktop-column-4 layout-tablet-column-2 layout-mobile-column-1\" data-settings=\"{&quot;layoutType&quot;:&quot;grid&quot;,&quot;perPage&quot;:6}\"><div class=\"jet-portfolio__list\"><article class=\"jet-portfolio__item visible-status\" data-slug=\"{&quot;0&quot;:&quot;all&quot;}\">\n\t<div class=\"jet-portfolio__inner\">\n\t\t<a class=\"jet-portfolio__link\" target=\"_blank\" rel=\"nofollow\" href=\"https:\/\/www.oedv.at\/\">\n\t\t\t<div class=\"jet-portfolio__image\">\n\t\t\t\t<img loading=\"lazy\" decoding=\"async\" class=\"jet-portfolio__image-instance\" src=\"https:\/\/bfsm.eu\/wp-content\/uploads\/2023\/10\/Member-Logo3.jpg\" width=\"370\" height=\"377\"  alt=\"Home \u2013 BFSM\">\t\t\t\t<div class=\"jet-portfolio__image-loader\"><span><\/span><\/div>\n\t\t\t<\/div>\n\t\t<\/a>\n\t\t<div class=\"jet-portfolio__content\">\n\t\t\t<div class=\"jet-portfolio__content-inner\"><p class=\"jet-portfolio__title\">\u00d6sterreichischer Detektiv-Verband<\/p><\/div>\n\t\t<\/div>\n\t<\/div>\n<\/article><article class=\"jet-portfolio__item visible-status\" data-slug=\"{&quot;0&quot;:&quot;all&quot;}\">\n\t<div class=\"jet-portfolio__inner\">\n\t\t<a class=\"jet-portfolio__link\" target=\"_blank\" rel=\"nofollow\" href=\"https:\/\/eu-investigations.com\/\">\n\t\t\t<div class=\"jet-portfolio__image\">\n\t\t\t\t<img loading=\"lazy\" decoding=\"async\" class=\"jet-portfolio__image-instance\" src=\"https:\/\/bfsm.eu\/wp-content\/uploads\/2026\/02\/logo-aei_neu.jpg\" width=\"254\" height=\"259\"  alt=\"Association of European Investigators\">\t\t\t\t<div class=\"jet-portfolio__image-loader\"><span><\/span><\/div>\n\t\t\t<\/div>\n\t\t<\/a>\n\t\t<div class=\"jet-portfolio__content\">\n\t\t\t<div class=\"jet-portfolio__content-inner\"><p class=\"jet-portfolio__title\">Association of European Investigators <\/p><\/div>\n\t\t<\/div>\n\t<\/div>\n<\/article><article class=\"jet-portfolio__item visible-status\" data-slug=\"{&quot;0&quot;:&quot;all&quot;}\">\n\t<div class=\"jet-portfolio__inner\">\n\t\t<a class=\"jet-portfolio__link\" target=\"_blank\" rel=\"nofollow\" href=\"https:\/\/www.cii2.org\/\">\n\t\t\t<div class=\"jet-portfolio__image\">\n\t\t\t\t<img loading=\"lazy\" decoding=\"async\" class=\"jet-portfolio__image-instance\" src=\"https:\/\/bfsm.eu\/wp-content\/uploads\/2023\/10\/Member-Logo1-1.jpg\" width=\"370\" height=\"377\"  alt=\"Home \u2013 BFSM\">\t\t\t\t<div class=\"jet-portfolio__image-loader\"><span><\/span><\/div>\n\t\t\t<\/div>\n\t\t<\/a>\n\t\t<div class=\"jet-portfolio__content\">\n\t\t\t<div class=\"jet-portfolio__content-inner\"><p class=\"jet-portfolio__title\">Council of International Investigaters<\/p><\/div>\n\t\t<\/div>\n\t<\/div>\n<\/article><article class=\"jet-portfolio__item visible-status\" data-slug=\"{&quot;0&quot;:&quot;all&quot;}\">\n\t<div class=\"jet-portfolio__inner\">\n\t\t<a class=\"jet-portfolio__link\" target=\"_blank\" rel=\"nofollow\" href=\"https:\/\/iasiu-europe.com\/\">\n\t\t\t<div class=\"jet-portfolio__image\">\n\t\t\t\t<img loading=\"lazy\" decoding=\"async\" class=\"jet-portfolio__image-instance\" src=\"https:\/\/bfsm.eu\/wp-content\/uploads\/2023\/10\/Member-Logo2-1.jpg\" width=\"370\" height=\"377\"  alt=\"Home \u2013 BFSM\">\t\t\t\t<div class=\"jet-portfolio__image-loader\"><span><\/span><\/div>\n\t\t\t<\/div>\n\t\t<\/a>\n\t\t<div class=\"jet-portfolio__content\">\n\t\t\t<div class=\"jet-portfolio__content-inner\"><p class=\"jet-portfolio__title\">International Association of Special Investigation Units<\/p><\/div>\n\t\t<\/div>\n\t<\/div>\n<\/article><\/div><\/div>\n<\/div>\t\t\t\t<\/div>\n\t\t\t\t<\/div>\n\t\t\t\t<\/div>\n\t\t\t\t\t<\/div>\n\t\t\t\t<\/div>\n\t\t\t\t<\/div>","protected":false},"excerpt":{"rendered":"<p>BFSM Schadenermittlung GmbH Recherche. Ermittlungen. Observationen. BFSM Schadenermittlung GmbH Professionell. Vertrauensvoll. Diskret. Arbeitnehmer Wir kl\u00e4ren, ob Handlungen vorliegen, die das Vertrauensverh\u00e4ltnis zwischen Unternehmen und Mitarbeitenden untergraben. Pre-Employment Screening, Background Checks f\u00fcr zuk\u00fcnftige Arbeitnehmer und Schl\u00fcsselkr\u00e4fte. Krankenstandmissbrauch: Wir pr\u00fcfen diskret, ob krankgemeldete Mitarbeitende tats\u00e4chlich arbeitsunf\u00e4hig sind oder ihre Pflichten missachten. Arbeitszeitbetrug: Wir kl\u00e4ren auf, ob Arbeitszeiten [&hellip;]<\/p>\n","protected":false},"author":1,"featured_media":2238,"parent":0,"menu_order":0,"comment_status":"closed","ping_status":"closed","template":"elementor_header_footer","meta":{"_acf_changed":false,"footnotes":""},"class_list":["post-2417","page","type-page","status-publish","has-post-thumbnail","hentry"],"acf":[],"yoast_head":"<!-- This site is optimized with the Yoast SEO plugin v27.5 - https:\/\/yoast.com\/product\/yoast-seo-wordpress\/ -->\n<title>Firmenkunden - BFSM<\/title>\n<meta name=\"description\" content=\"Schadenermittlungen f\u00fcr Firmenkunden beim Verdacht auf Missbrauch, Diebstahl, T\u00e4uschung und Wirtschaftskriminalit\u00e4t.\" \/>\n<meta name=\"robots\" content=\"index, follow, max-snippet:-1, max-image-preview:large, max-video-preview:-1\" \/>\n<link rel=\"canonical\" href=\"https:\/\/bfsm.eu\/en\/firmenkunden\/\" \/>\n<meta property=\"og:locale\" content=\"en_US\" \/>\n<meta property=\"og:type\" content=\"article\" \/>\n<meta property=\"og:title\" content=\"Firmenkunden - BFSM\" \/>\n<meta property=\"og:description\" content=\"Schadenermittlungen f\u00fcr Firmenkunden beim Verdacht auf Missbrauch, Diebstahl, T\u00e4uschung und Wirtschaftskriminalit\u00e4t.\" \/>\n<meta property=\"og:url\" content=\"https:\/\/bfsm.eu\/en\/firmenkunden\/\" \/>\n<meta property=\"og:site_name\" content=\"BFSM\" \/>\n<meta property=\"article:modified_time\" content=\"2026-05-02T13:04:14+00:00\" \/>\n<meta property=\"og:image\" content=\"https:\/\/bfsm.eu\/wp-content\/uploads\/2023\/10\/5de9a658cc4a8.jpg\" \/>\n\t<meta property=\"og:image:width\" content=\"343\" \/>\n\t<meta property=\"og:image:height\" content=\"343\" \/>\n\t<meta property=\"og:image:type\" content=\"image\/jpeg\" \/>\n<meta name=\"twitter:card\" content=\"summary_large_image\" \/>\n<meta name=\"twitter:label1\" content=\"Est. reading time\" \/>\n\t<meta name=\"twitter:data1\" content=\"1 minute\" \/>\n<!-- \/ Yoast SEO plugin. -->","yoast_head_json":{"title":"Firmenkunden - BFSM","description":"Claims investigations for corporate clients in cases of suspected misuse, theft, deception and white-collar crime.","robots":{"index":"index","follow":"follow","max-snippet":"max-snippet:-1","max-image-preview":"max-image-preview:large","max-video-preview":"max-video-preview:-1"},"canonical":"https:\/\/bfsm.eu\/en\/firmenkunden\/","og_locale":"en_US","og_type":"article","og_title":"Firmenkunden - BFSM","og_description":"Schadenermittlungen f\u00fcr Firmenkunden beim Verdacht auf Missbrauch, Diebstahl, T\u00e4uschung und Wirtschaftskriminalit\u00e4t.","og_url":"https:\/\/bfsm.eu\/en\/firmenkunden\/","og_site_name":"BFSM","article_modified_time":"2026-05-02T13:04:14+00:00","og_image":[{"width":343,"height":343,"url":"https:\/\/bfsm.eu\/wp-content\/uploads\/2023\/10\/5de9a658cc4a8.jpg","type":"image\/jpeg"}],"twitter_card":"summary_large_image","twitter_misc":{"Est. reading time":"1 minute"},"schema":{"@context":"https:\/\/schema.org","@graph":[{"@type":"WebPage","@id":"https:\/\/bfsm.eu\/firmenkunden\/","url":"https:\/\/bfsm.eu\/firmenkunden\/","name":"Firmenkunden - BFSM","isPartOf":{"@id":"https:\/\/bfsm.eu\/#website"},"primaryImageOfPage":{"@id":"https:\/\/bfsm.eu\/firmenkunden\/#primaryimage"},"image":{"@id":"https:\/\/bfsm.eu\/firmenkunden\/#primaryimage"},"thumbnailUrl":"https:\/\/bfsm.eu\/wp-content\/uploads\/2023\/10\/5de9a658cc4a8.jpg","datePublished":"2023-10-27T10:15:38+00:00","dateModified":"2026-05-02T13:04:14+00:00","description":"Claims investigations for corporate clients in cases of suspected misuse, theft, deception and white-collar crime.","breadcrumb":{"@id":"https:\/\/bfsm.eu\/firmenkunden\/#breadcrumb"},"inLanguage":"en-US","potentialAction":[{"@type":"ReadAction","target":["https:\/\/bfsm.eu\/firmenkunden\/"]}]},{"@type":"ImageObject","inLanguage":"en-US","@id":"https:\/\/bfsm.eu\/firmenkunden\/#primaryimage","url":"https:\/\/bfsm.eu\/wp-content\/uploads\/2023\/10\/5de9a658cc4a8.jpg","contentUrl":"https:\/\/bfsm.eu\/wp-content\/uploads\/2023\/10\/5de9a658cc4a8.jpg","width":343,"height":343,"caption":"Home \u2013 BFSM"},{"@type":"BreadcrumbList","@id":"https:\/\/bfsm.eu\/firmenkunden\/#breadcrumb","itemListElement":[{"@type":"ListItem","position":1,"name":"Startseite","item":"https:\/\/bfsm.eu\/"},{"@type":"ListItem","position":2,"name":"Firmenkunden"}]},{"@type":"WebSite","@id":"https:\/\/bfsm.eu\/#website","url":"https:\/\/bfsm.eu\/","name":"BFSM","description":"Schadenermittlung &amp; Berufsdetektei","publisher":{"@id":"https:\/\/bfsm.eu\/#organization"},"potentialAction":[{"@type":"SearchAction","target":{"@type":"EntryPoint","urlTemplate":"https:\/\/bfsm.eu\/?s={search_term_string}"},"query-input":{"@type":"PropertyValueSpecification","valueRequired":true,"valueName":"search_term_string"}}],"inLanguage":"en-US"},{"@type":"Organization","@id":"https:\/\/bfsm.eu\/#organization","name":"BFSM","url":"https:\/\/bfsm.eu\/","logo":{"@type":"ImageObject","inLanguage":"en-US","@id":"https:\/\/bfsm.eu\/#\/schema\/logo\/image\/","url":"https:\/\/bfsm.eu\/wp-content\/uploads\/2023\/09\/BFSM-Logo-NEU-1.png","contentUrl":"https:\/\/bfsm.eu\/wp-content\/uploads\/2023\/09\/BFSM-Logo-NEU-1.png","width":2048,"height":902,"caption":"BFSM"},"image":{"@id":"https:\/\/bfsm.eu\/#\/schema\/logo\/image\/"}}]}},"_links":{"self":[{"href":"https:\/\/bfsm.eu\/en\/wp-json\/wp\/v2\/pages\/2417","targetHints":{"allow":["GET"]}}],"collection":[{"href":"https:\/\/bfsm.eu\/en\/wp-json\/wp\/v2\/pages"}],"about":[{"href":"https:\/\/bfsm.eu\/en\/wp-json\/wp\/v2\/types\/page"}],"author":[{"embeddable":true,"href":"https:\/\/bfsm.eu\/en\/wp-json\/wp\/v2\/users\/1"}],"replies":[{"embeddable":true,"href":"https:\/\/bfsm.eu\/en\/wp-json\/wp\/v2\/comments?post=2417"}],"version-history":[{"count":0,"href":"https:\/\/bfsm.eu\/en\/wp-json\/wp\/v2\/pages\/2417\/revisions"}],"wp:featuredmedia":[{"embeddable":true,"href":"https:\/\/bfsm.eu\/en\/wp-json\/wp\/v2\/media\/2238"}],"wp:attachment":[{"href":"https:\/\/bfsm.eu\/en\/wp-json\/wp\/v2\/media?parent=2417"}],"curies":[{"name":"wp","href":"https:\/\/api.w.org\/{rel}","templated":true}]}}