{"id":3132,"date":"2025-04-11T09:41:23","date_gmt":"2025-04-11T09:41:23","guid":{"rendered":"https:\/\/bfsmwork.demoserver-obskura.eu\/?page_id=3132"},"modified":"2026-03-09T13:15:38","modified_gmt":"2026-03-09T13:15:38","slug":"tipps-news","status":"publish","type":"page","link":"https:\/\/bfsm.eu\/en\/tipps-news\/","title":{"rendered":"Tips and news"},"content":{"rendered":"<div data-elementor-type=\"wp-page\" data-elementor-id=\"3132\" class=\"elementor elementor-3132\" data-elementor-post-type=\"page\">\n\t\t\t\t<div class=\"elementor-element elementor-element-51699509 e-flex e-con-boxed e-con e-parent\" data-id=\"51699509\" data-element_type=\"container\" data-e-type=\"container\" data-settings=\"{&quot;background_background&quot;:&quot;classic&quot;,&quot;jet_parallax_layout_list&quot;:[]}\">\n\t\t\t\t\t<div class=\"e-con-inner\">\n\t\t<div class=\"elementor-element elementor-element-532355aa e-con-full e-flex e-con e-child\" data-id=\"532355aa\" data-element_type=\"container\" data-e-type=\"container\" data-settings=\"{&quot;jet_parallax_layout_list&quot;:[]}\">\n\t\t\t\t<div class=\"elementor-element elementor-element-12f0779b elementor-widget elementor-widget-heading\" data-id=\"12f0779b\" data-element_type=\"widget\" data-e-type=\"widget\" data-widget_type=\"heading.default\">\n\t\t\t\t\t<h1 class=\"elementor-heading-title elementor-size-default\">Tips and news<\/h1>\t\t\t\t<\/div>\n\t\t\t\t<\/div>\n\t\t\t\t\t<\/div>\n\t\t\t\t<\/div>\n\t\t<div class=\"elementor-element elementor-element-9ade3a1 e-flex e-con-boxed e-con e-parent\" data-id=\"9ade3a1\" data-element_type=\"container\" data-e-type=\"container\" data-settings=\"{&quot;jet_parallax_layout_list&quot;:[],&quot;background_background&quot;:&quot;classic&quot;}\">\n\t\t\t\t\t<div class=\"e-con-inner\">\n\t\t\t\t<div class=\"elementor-element elementor-element-e436e70 elementor-grid-tablet-3 elementor-posts--align-center elementor-grid-3 elementor-grid-mobile-1 elementor-posts--thumbnail-top elementor-widget elementor-widget-posts\" data-id=\"e436e70\" data-element_type=\"widget\" data-e-type=\"widget\" data-settings=\"{&quot;classic_columns_tablet&quot;:&quot;3&quot;,&quot;classic_columns&quot;:&quot;3&quot;,&quot;classic_columns_mobile&quot;:&quot;1&quot;,&quot;classic_row_gap&quot;:{&quot;unit&quot;:&quot;px&quot;,&quot;size&quot;:35,&quot;sizes&quot;:[]},&quot;classic_row_gap_widescreen&quot;:{&quot;unit&quot;:&quot;px&quot;,&quot;size&quot;:&quot;&quot;,&quot;sizes&quot;:[]},&quot;classic_row_gap_laptop&quot;:{&quot;unit&quot;:&quot;px&quot;,&quot;size&quot;:&quot;&quot;,&quot;sizes&quot;:[]},&quot;classic_row_gap_tablet_extra&quot;:{&quot;unit&quot;:&quot;px&quot;,&quot;size&quot;:&quot;&quot;,&quot;sizes&quot;:[]},&quot;classic_row_gap_tablet&quot;:{&quot;unit&quot;:&quot;px&quot;,&quot;size&quot;:&quot;&quot;,&quot;sizes&quot;:[]},&quot;classic_row_gap_mobile_extra&quot;:{&quot;unit&quot;:&quot;px&quot;,&quot;size&quot;:&quot;&quot;,&quot;sizes&quot;:[]},&quot;classic_row_gap_mobile&quot;:{&quot;unit&quot;:&quot;px&quot;,&quot;size&quot;:&quot;&quot;,&quot;sizes&quot;:[]}}\" data-widget_type=\"posts.classic\">\n\t\t\t\t<div class=\"elementor-widget-container\">\n\t\t\t\t\t\t\t<div class=\"elementor-posts-container elementor-posts elementor-posts--skin-classic elementor-grid\" role=\"list\">\n\t\t\t\t<article class=\"elementor-post elementor-grid-item post-3756 post type-post status-publish format-standard has-post-thumbnail hentry category-firmenkunden category-privatkunden category-versicherungen\" role=\"listitem\">\n\t\t\t\t<a class=\"elementor-post__thumbnail__link\" href=\"https:\/\/bfsm.eu\/en\/was-darf-ein-detektiv-eigentlich-und-was-nicht\/\" tabindex=\"-1\" >\n\t\t\t<div class=\"elementor-post__thumbnail\"><img fetchpriority=\"high\" decoding=\"async\" width=\"300\" height=\"168\" src=\"https:\/\/bfsm.eu\/wp-content\/uploads\/2025\/04\/Was-darf-ein-Berufsdetektiv-300x168.webp\" class=\"attachment-medium size-medium wp-image-4156\" alt=\"Was darf ein Berufsdetektiv\" srcset=\"https:\/\/bfsm.eu\/wp-content\/uploads\/2025\/04\/Was-darf-ein-Berufsdetektiv-300x168.webp 300w, https:\/\/bfsm.eu\/wp-content\/uploads\/2025\/04\/Was-darf-ein-Berufsdetektiv-1024x574.webp 1024w, https:\/\/bfsm.eu\/wp-content\/uploads\/2025\/04\/Was-darf-ein-Berufsdetektiv-768x431.webp 768w, https:\/\/bfsm.eu\/wp-content\/uploads\/2025\/04\/Was-darf-ein-Berufsdetektiv.webp 1500w\" sizes=\"(max-width: 300px) 100vw, 300px\" \/><\/div>\n\t\t<\/a>\n\t\t\t\t<div class=\"elementor-post__text\">\n\t\t\t\t<h3 class=\"elementor-post__title\">\n\t\t\t<a href=\"https:\/\/bfsm.eu\/en\/was-darf-ein-detektiv-eigentlich-und-was-nicht\/\" >\n\t\t\t\tWas darf ein Berufsdetektiv?\t\t\t<\/a>\n\t\t<\/h3>\n\t\t\t\t<\/div>\n\t\t\t\t<\/article>\n\t\t\t\t<article class=\"elementor-post elementor-grid-item post-3762 post type-post status-publish format-standard has-post-thumbnail hentry category-firmenkunden category-privatkunden\" role=\"listitem\">\n\t\t\t\t<a class=\"elementor-post__thumbnail__link\" href=\"https:\/\/bfsm.eu\/en\/wann-lohnt-sich-ein-detektiv-wirklich-typische-einsatzfaelle-aus-der-praxis\/\" tabindex=\"-1\" >\n\t\t\t<div class=\"elementor-post__thumbnail\"><img decoding=\"async\" width=\"300\" height=\"200\" src=\"https:\/\/bfsm.eu\/wp-content\/uploads\/2025\/04\/Wann-lohnt-sich-ein-Detektiv-wirklich-1-300x200.webp\" class=\"attachment-medium size-medium wp-image-4157\" alt=\"Wann lohnt sich ein Detektiv wirklich?\" srcset=\"https:\/\/bfsm.eu\/wp-content\/uploads\/2025\/04\/Wann-lohnt-sich-ein-Detektiv-wirklich-1-300x200.webp 300w, https:\/\/bfsm.eu\/wp-content\/uploads\/2025\/04\/Wann-lohnt-sich-ein-Detektiv-wirklich-1-1024x683.webp 1024w, https:\/\/bfsm.eu\/wp-content\/uploads\/2025\/04\/Wann-lohnt-sich-ein-Detektiv-wirklich-1-768x512.webp 768w, https:\/\/bfsm.eu\/wp-content\/uploads\/2025\/04\/Wann-lohnt-sich-ein-Detektiv-wirklich-1.webp 1500w\" sizes=\"(max-width: 300px) 100vw, 300px\" \/><\/div>\n\t\t<\/a>\n\t\t\t\t<div class=\"elementor-post__text\">\n\t\t\t\t<h3 class=\"elementor-post__title\">\n\t\t\t<a href=\"https:\/\/bfsm.eu\/en\/wann-lohnt-sich-ein-detektiv-wirklich-typische-einsatzfaelle-aus-der-praxis\/\" >\n\t\t\t\tWann lohnt sich ein Detektiv wirklich?\t\t\t<\/a>\n\t\t<\/h3>\n\t\t\t\t<\/div>\n\t\t\t\t<\/article>\n\t\t\t\t<article class=\"elementor-post elementor-grid-item post-3732 post type-post status-publish format-standard has-post-thumbnail hentry category-firmenkunden\" role=\"listitem\">\n\t\t\t\t<a class=\"elementor-post__thumbnail__link\" href=\"https:\/\/bfsm.eu\/en\/wie-finde-ich-heraus-ob-meine-mitarbeiter-stehlen\/\" tabindex=\"-1\" >\n\t\t\t<div class=\"elementor-post__thumbnail\"><img decoding=\"async\" width=\"300\" height=\"192\" src=\"https:\/\/bfsm.eu\/wp-content\/uploads\/2025\/04\/Wie-finde-ich-heraus-ob-meine-Mitarbeiter-stehlen-1-300x192.webp\" class=\"attachment-medium size-medium wp-image-4158\" alt=\"Wie finde ich heraus, ob meine Mitarbeiter stehlen\" srcset=\"https:\/\/bfsm.eu\/wp-content\/uploads\/2025\/04\/Wie-finde-ich-heraus-ob-meine-Mitarbeiter-stehlen-1-300x192.webp 300w, https:\/\/bfsm.eu\/wp-content\/uploads\/2025\/04\/Wie-finde-ich-heraus-ob-meine-Mitarbeiter-stehlen-1-1024x657.webp 1024w, https:\/\/bfsm.eu\/wp-content\/uploads\/2025\/04\/Wie-finde-ich-heraus-ob-meine-Mitarbeiter-stehlen-1-768x493.webp 768w, https:\/\/bfsm.eu\/wp-content\/uploads\/2025\/04\/Wie-finde-ich-heraus-ob-meine-Mitarbeiter-stehlen-1.webp 1500w\" sizes=\"(max-width: 300px) 100vw, 300px\" \/><\/div>\n\t\t<\/a>\n\t\t\t\t<div class=\"elementor-post__text\">\n\t\t\t\t<h3 class=\"elementor-post__title\">\n\t\t\t<a href=\"https:\/\/bfsm.eu\/en\/wie-finde-ich-heraus-ob-meine-mitarbeiter-stehlen\/\" >\n\t\t\t\tWie finde ich heraus, ob meine Mitarbeiter stehlen?\t\t\t<\/a>\n\t\t<\/h3>\n\t\t\t\t<\/div>\n\t\t\t\t<\/article>\n\t\t\t\t<\/div>\n\t\t\n\t\t\t\t\t\t<\/div>\n\t\t\t\t<\/div>\n\t\t\t\t\t<\/div>\n\t\t\t\t<\/div>\n\t\t<div class=\"elementor-element elementor-element-7dc1611 e-flex e-con-boxed e-con e-parent\" data-id=\"7dc1611\" data-element_type=\"container\" data-e-type=\"container\" data-settings=\"{&quot;background_background&quot;:&quot;classic&quot;,&quot;jet_parallax_layout_list&quot;:[]}\">\n\t\t\t\t\t<div class=\"e-con-inner\">\n\t\t\t\t<div class=\"elementor-element elementor-element-14401a1 elementor-cta--skin-cover elementor-cta--valign-middle elementor-animated-content elementor-bg-transform elementor-bg-transform-zoom-in elementor-widget elementor-widget-call-to-action\" data-id=\"14401a1\" data-element_type=\"widget\" data-e-type=\"widget\" data-widget_type=\"call-to-action.default\">\n\t\t\t\t\t\t\t<div class=\"elementor-cta\">\n\t\t\t\t\t<div class=\"elementor-cta__bg-wrapper\">\n\t\t\t\t<div class=\"elementor-cta__bg elementor-bg\" style=\"background-image: url(https:\/\/bfsm.eu\/wp-content\/uploads\/2023\/10\/Header_BG3-1024x310.jpg);\" role=\"img\" aria-label=\"Home \u2013 BFSM\"><\/div>\n\t\t\t\t<div class=\"elementor-cta__bg-overlay\"><\/div>\n\t\t\t<\/div>\n\t\t\t\t\t\t\t<div class=\"elementor-cta__content\">\n\t\t\t\t\n\t\t\t\t\t\t\t\t\t<h2 class=\"elementor-cta__title elementor-cta__content-item elementor-content-item elementor-animated-item--grow\">\n\t\t\t\t\t\tNicht sicher, ob ein Detektiv das Richtige f\u00fcr Sie ist?\t\t\t\t\t<\/h2>\n\t\t\t\t\n\t\t\t\t\t\t\t\t\t<div class=\"elementor-cta__description elementor-cta__content-item elementor-content-item elementor-animated-item--grow\">\n\t\t\t\t\t\t<p>Ganz gleich, ob Sie nur eine Vermutung haben oder schon konkrete Hinweise \u2013 oft bringt ein unverbindliches Gespr\u00e4ch die n\u00f6tige Klarheit. Wir h\u00f6ren zu, beraten ehrlich und sagen Ihnen, was m\u00f6glich ist \u2013 und was nicht. Diskret, erfahren und ohne Verpflichtung.<\/p><p>Melden Sie sich jetzt \u2013 wir sind f\u00fcr Sie da.<\/p>\t\t\t\t\t<\/div>\n\t\t\t\t\n\t\t\t\t\t\t\t\t\t<div class=\"elementor-cta__button-wrapper elementor-cta__content-item elementor-content-item elementor-animated-item--grow\">\n\t\t\t\t\t<a class=\"elementor-cta__button elementor-button elementor-size-\" href=\"https:\/\/bfsm.eu\/en\/kontakt\/\">\n\t\t\t\t\t\tContact us\t\t\t\t\t<\/a>\n\t\t\t\t\t<\/div>\n\t\t\t\t\t\t\t<\/div>\n\t\t\t\t\t\t<\/div>\n\t\t\t\t\t\t<\/div>\n\t\t\t\t\t<\/div>\n\t\t\t\t<\/div>\n\t\t\t\t<\/div>","protected":false},"excerpt":{"rendered":"<p>Nicht sicher, ob ein Detektiv das Richtige f\u00fcr Sie ist? Ganz gleich, ob Sie nur eine Vermutung haben oder schon konkrete Hinweise \u2013 oft bringt<\/p>","protected":false},"author":2,"featured_media":0,"parent":0,"menu_order":0,"comment_status":"closed","ping_status":"closed","template":"elementor_header_footer","meta":{"_acf_changed":false,"footnotes":""},"class_list":["post-3132","page","type-page","status-publish","hentry"],"acf":[],"yoast_head":"<!-- This site is optimized with the Yoast SEO plugin v27.5 - https:\/\/yoast.com\/product\/yoast-seo-wordpress\/ -->\n<title>Tipps &amp; News - BFSM<\/title>\n<meta name=\"robots\" content=\"noindex, nofollow\" \/>\n<meta property=\"og:locale\" content=\"en_US\" \/>\n<meta property=\"og:type\" content=\"article\" \/>\n<meta property=\"og:title\" content=\"Tipps &amp; News - BFSM\" \/>\n<meta property=\"og:description\" content=\"Nicht sicher, ob ein Detektiv das Richtige f\u00fcr Sie ist? Ganz gleich, ob Sie nur eine Vermutung haben oder schon konkrete Hinweise \u2013 oft bringt\" \/>\n<meta property=\"og:url\" content=\"https:\/\/bfsm.eu\/en\/tipps-news\/\" \/>\n<meta property=\"og:site_name\" content=\"BFSM\" \/>\n<meta property=\"article:modified_time\" content=\"2026-03-09T13:15:38+00:00\" \/>\n<meta name=\"twitter:card\" content=\"summary_large_image\" \/>\n<meta name=\"twitter:label1\" content=\"Est. reading time\" \/>\n\t<meta name=\"twitter:data1\" content=\"1 minute\" \/>\n<!-- \/ Yoast SEO plugin. -->","yoast_head_json":{"title":"Tipps &amp; News - BFSM","robots":{"index":"noindex","follow":"nofollow"},"og_locale":"en_US","og_type":"article","og_title":"Tipps &amp; News - BFSM","og_description":"Nicht sicher, ob ein Detektiv das Richtige f\u00fcr Sie ist? Ganz gleich, ob Sie nur eine Vermutung haben oder schon konkrete Hinweise \u2013 oft bringt","og_url":"https:\/\/bfsm.eu\/en\/tipps-news\/","og_site_name":"BFSM","article_modified_time":"2026-03-09T13:15:38+00:00","twitter_card":"summary_large_image","twitter_misc":{"Est. reading time":"1 minute"},"schema":{"@context":"https:\/\/schema.org","@graph":[{"@type":"WebPage","@id":"https:\/\/bfsm.eu\/tipps-news\/","url":"https:\/\/bfsm.eu\/tipps-news\/","name":"Tipps &amp; News - BFSM","isPartOf":{"@id":"https:\/\/bfsm.eu\/#website"},"datePublished":"2025-04-11T09:41:23+00:00","dateModified":"2026-03-09T13:15:38+00:00","breadcrumb":{"@id":"https:\/\/bfsm.eu\/tipps-news\/#breadcrumb"},"inLanguage":"en-US","potentialAction":[{"@type":"ReadAction","target":["https:\/\/bfsm.eu\/tipps-news\/"]}]},{"@type":"BreadcrumbList","@id":"https:\/\/bfsm.eu\/tipps-news\/#breadcrumb","itemListElement":[{"@type":"ListItem","position":1,"name":"Startseite","item":"https:\/\/bfsm.eu\/"},{"@type":"ListItem","position":2,"name":"Tipps &amp; News"}]},{"@type":"WebSite","@id":"https:\/\/bfsm.eu\/#website","url":"https:\/\/bfsm.eu\/","name":"BFSM","description":"Schadenermittlung &amp; Berufsdetektei","publisher":{"@id":"https:\/\/bfsm.eu\/#organization"},"potentialAction":[{"@type":"SearchAction","target":{"@type":"EntryPoint","urlTemplate":"https:\/\/bfsm.eu\/?s={search_term_string}"},"query-input":{"@type":"PropertyValueSpecification","valueRequired":true,"valueName":"search_term_string"}}],"inLanguage":"en-US"},{"@type":"Organization","@id":"https:\/\/bfsm.eu\/#organization","name":"BFSM","url":"https:\/\/bfsm.eu\/","logo":{"@type":"ImageObject","inLanguage":"en-US","@id":"https:\/\/bfsm.eu\/#\/schema\/logo\/image\/","url":"https:\/\/bfsm.eu\/wp-content\/uploads\/2023\/09\/BFSM-Logo-NEU-1.png","contentUrl":"https:\/\/bfsm.eu\/wp-content\/uploads\/2023\/09\/BFSM-Logo-NEU-1.png","width":2048,"height":902,"caption":"BFSM"},"image":{"@id":"https:\/\/bfsm.eu\/#\/schema\/logo\/image\/"}}]}},"_links":{"self":[{"href":"https:\/\/bfsm.eu\/en\/wp-json\/wp\/v2\/pages\/3132","targetHints":{"allow":["GET"]}}],"collection":[{"href":"https:\/\/bfsm.eu\/en\/wp-json\/wp\/v2\/pages"}],"about":[{"href":"https:\/\/bfsm.eu\/en\/wp-json\/wp\/v2\/types\/page"}],"author":[{"embeddable":true,"href":"https:\/\/bfsm.eu\/en\/wp-json\/wp\/v2\/users\/2"}],"replies":[{"embeddable":true,"href":"https:\/\/bfsm.eu\/en\/wp-json\/wp\/v2\/comments?post=3132"}],"version-history":[{"count":0,"href":"https:\/\/bfsm.eu\/en\/wp-json\/wp\/v2\/pages\/3132\/revisions"}],"wp:attachment":[{"href":"https:\/\/bfsm.eu\/en\/wp-json\/wp\/v2\/media?parent=3132"}],"curies":[{"name":"wp","href":"https:\/\/api.w.org\/{rel}","templated":true}]}}